{"id":20056,"date":"2025-06-16T19:45:30","date_gmt":"2025-06-16T19:45:30","guid":{"rendered":"https:\/\/entero.si\/?page_id=20056"},"modified":"2025-06-19T20:27:03","modified_gmt":"2025-06-19T20:27:03","slug":"najem-prikolic","status":"publish","type":"page","link":"https:\/\/entero.si\/hr\/najem-prikolic\/","title":{"rendered":"Najem prikolica BW Trailers"},"content":{"rendered":"<div class=\"wpb-content-wrapper\"><section data-vc-full-width=\"true\" data-vc-full-width-temp=\"true\" data-vc-full-width-init=\"false\" data-vc-stretch-content=\"true\" class=\"vc_section vc_custom_1742372494888 vc_section-has-fill\"><div class=\"vc_row wpb_row vc_row-fluid vc_column-gap-20 vc_row-o-content-middle vc_row-flex\"><div class=\"fl-custom-row\" style=\"max-width:1620px; margin:0 auto; display:block\"><div class=\"wpb_column vc_column_container vc_col-sm-12\"><div class=\"vc_column-inner\"><div class=\"wpb_wrapper\"><div class=\"vc_empty_space\"   style=\"height: 50px\"><span class=\"vc_empty_space_inner\"><\/span><\/div><\/div><\/div><\/div><\/div><\/div><div class=\"vc_row wpb_row vc_row-fluid vc_column-gap-20 vc_row-o-content-middle vc_row-flex\"><div class=\"fl-custom-row\" style=\"max-width:1100px; margin:0 auto; display:block\"><div class=\"wpb_column vc_column_container vc_col-sm-12\"><div class=\"vc_column-inner\"><div class=\"wpb_wrapper\"><div class=\"fl_custom_text__block text-justify fl-custom-text-69e61fb6b0625-9904\" ><p>Na raspolaganju imamo pouzdane i kvalitetne prikolice BW Trailers koje mo\u017eete unajmiti na dan, vikend ili du\u017ee razdoblje. Sve prikolice su prikladne za vo\u017enju s voza\u010dkom dozvolom B kategorije i pogodne su za prijevoz motora, ATV vozila, gra\u0111evinskog materijala ili vrtne opreme.<\/p>\n<\/div><div class=\"vc_empty_space\"   style=\"height: 50px\"><span class=\"vc_empty_space_inner\"><\/span><\/div><div class=\"vc_row wpb_row vc_inner vc_row-fluid contact-button vc_column-gap-20 vc_row-o-content-middle vc_row-flex\"><div class=\"wpb_column vc_column_container vc_col-sm-4\"><div class=\"vc_column-inner\"><div class=\"wpb_wrapper\"><\/div><\/div><\/div><div class=\"wpb_column vc_column_container vc_col-sm-4\"><div class=\"vc_column-inner\"><div class=\"wpb_wrapper\"><div class=\"fl-button-wrapper-vc\" ><div class=\"button-container\" ><a class=\"fl-vc-button fl-font-style-bolt-two\"  href=\"https:\/\/entero.si\/hr\/kontakt\/\" title=\"Kontakt\">Po\u0161aljite upit<i class=\"bestbus-icon-arrow\" aria-hidden=\"true\"><\/i><\/a><\/div><\/div><\/div><\/div><\/div><div class=\"wpb_column vc_column_container vc_col-sm-4\"><div class=\"vc_column-inner\"><div class=\"wpb_wrapper\"><\/div><\/div><\/div><\/div><div class=\"vc_empty_space\"   style=\"height: 50px\"><span class=\"vc_empty_space_inner\"><\/span><\/div><\/div><\/div><\/div><\/div><\/div><div class=\"vc_row wpb_row vc_row-fluid\"><div class=\"fl-custom-row\" style=\"max-width:1100px; margin:0 auto; display:block\"><div class=\"wpb_column vc_column_container vc_col-sm-12\"><div class=\"vc_column-inner\"><div class=\"wpb_wrapper\"><div class=\"fl-vc-custom-title-container text-center\" ><div class=\"custom-title-content-wrapper\"><div class=\"fl-title-vc fl-font-style-bolt fl-custom-title-69e61fb6b0d34-4710 fl-title-responsive-69e61fb6b0d38-7436 fl-vc--responsive\"   data-responsive-target='fl-title-responsive-69e61fb6b0d38-7436'  data-responsive-param='{\"font-size\":\"desktop:39px;tablet:39px;mobile:29px;\",\"line-height\":\"\",\"letter-spacing\":\"\",\"margin-top\":\"\",\"margin-bottom\":\"\"}' ><\/p>\n<h2>Vrste prikolica dostupne za najam<\/h2>\n<p><\/div><\/div><\/div><div class=\"vc_row wpb_row vc_inner vc_row-fluid\"><div class=\"wpb_column vc_column_container vc_col-sm-1\/5\"><div class=\"vc_column-inner\"><div class=\"wpb_wrapper\"><div  class=\"wpb_single_image vc_align_left\">\n                <div class=\"wpb_wrapper vc_figure\">\n\t\t\t        <div class=\"vc_single_image-wrapper\"><img loading=\"lazy\" decoding=\"async\" width=\"500\" height=\"500\" src=\"https:\/\/entero.si\/wp-content\/uploads\/2025\/03\/2.jpg\" class=\"vc_single_image-img attachment-full\" alt=\"\" title=\"2\" srcset=\"https:\/\/entero.si\/wp-content\/uploads\/2025\/03\/2.jpg 500w, https:\/\/entero.si\/wp-content\/uploads\/2025\/03\/2-300x300.jpg 300w, https:\/\/entero.si\/wp-content\/uploads\/2025\/03\/2-150x150.jpg 150w, https:\/\/entero.si\/wp-content\/uploads\/2025\/03\/2-80x80.jpg 80w, https:\/\/entero.si\/wp-content\/uploads\/2025\/03\/2-100x100.jpg 100w, https:\/\/entero.si\/wp-content\/uploads\/2025\/03\/2-70x70.jpg 70w, https:\/\/entero.si\/wp-content\/uploads\/2025\/03\/2-60x60.jpg 60w, https:\/\/entero.si\/wp-content\/uploads\/2025\/03\/2-90x90.jpg 90w, https:\/\/entero.si\/wp-content\/uploads\/2025\/03\/2-130x130.jpg 130w, https:\/\/entero.si\/wp-content\/uploads\/2025\/03\/2-245x245.jpg 245w\" sizes=\"auto, (max-width: 500px) 100vw, 500px\" \/><\/div>\n\t\t        <\/div> \n\t\t   <\/div><div class=\"fl_custom_text__block link-color fl-custom-text-69e61fb6b12ee-8043\" ><p><a title=\"Quad trailer\" href=\"https:\/\/entero.si\/hr\/autos\/quad-trailer\/\"><strong>Quad prikolica<\/strong><\/a><br \/>\nPogodna za prijevoz \u010detverocikala, kosilica i vrtnih traktora.<\/p>\n<\/div><\/div><\/div><\/div><div class=\"wpb_column vc_column_container vc_col-sm-1\/5\"><div class=\"vc_column-inner\"><div class=\"wpb_wrapper\"><div  class=\"wpb_single_image vc_align_left\">\n                <div class=\"wpb_wrapper vc_figure\">\n\t\t\t        <div class=\"vc_single_image-wrapper\"><img loading=\"lazy\" decoding=\"async\" width=\"500\" height=\"500\" src=\"https:\/\/entero.si\/wp-content\/uploads\/2025\/03\/3.jpg\" class=\"vc_single_image-img attachment-full\" alt=\"\" title=\"3\" srcset=\"https:\/\/entero.si\/wp-content\/uploads\/2025\/03\/3.jpg 500w, https:\/\/entero.si\/wp-content\/uploads\/2025\/03\/3-300x300.jpg 300w, https:\/\/entero.si\/wp-content\/uploads\/2025\/03\/3-150x150.jpg 150w, https:\/\/entero.si\/wp-content\/uploads\/2025\/03\/3-80x80.jpg 80w, https:\/\/entero.si\/wp-content\/uploads\/2025\/03\/3-100x100.jpg 100w, https:\/\/entero.si\/wp-content\/uploads\/2025\/03\/3-70x70.jpg 70w, https:\/\/entero.si\/wp-content\/uploads\/2025\/03\/3-60x60.jpg 60w, https:\/\/entero.si\/wp-content\/uploads\/2025\/03\/3-90x90.jpg 90w, https:\/\/entero.si\/wp-content\/uploads\/2025\/03\/3-130x130.jpg 130w, https:\/\/entero.si\/wp-content\/uploads\/2025\/03\/3-245x245.jpg 245w\" sizes=\"auto, (max-width: 500px) 100vw, 500px\" \/><\/div>\n\t\t        <\/div> \n\t\t   <\/div><div class=\"fl_custom_text__block link-color fl-custom-text-69e61fb6b1736-4484\" ><p><a title=\"Motorcycle trailer\" href=\"https:\/\/entero.si\/hr\/autos\/motorcycle-trailer\/\"><strong>Moto prikolica<\/strong><\/a><br \/>\nZa siguran prijevoz do tri motocikla ili jednog ATV vozila.<\/p>\n<\/div><\/div><\/div><\/div><div class=\"wpb_column vc_column_container vc_col-sm-1\/5\"><div class=\"vc_column-inner\"><div class=\"wpb_wrapper\"><div  class=\"wpb_single_image vc_align_left\">\n                <div class=\"wpb_wrapper vc_figure\">\n\t\t\t        <div class=\"vc_single_image-wrapper\"><img loading=\"lazy\" decoding=\"async\" width=\"500\" height=\"500\" src=\"https:\/\/entero.si\/wp-content\/uploads\/2025\/03\/1.jpg\" class=\"vc_single_image-img attachment-full\" alt=\"\" title=\"1\" srcset=\"https:\/\/entero.si\/wp-content\/uploads\/2025\/03\/1.jpg 500w, https:\/\/entero.si\/wp-content\/uploads\/2025\/03\/1-300x300.jpg 300w, https:\/\/entero.si\/wp-content\/uploads\/2025\/03\/1-150x150.jpg 150w, https:\/\/entero.si\/wp-content\/uploads\/2025\/03\/1-80x80.jpg 80w, https:\/\/entero.si\/wp-content\/uploads\/2025\/03\/1-100x100.jpg 100w, https:\/\/entero.si\/wp-content\/uploads\/2025\/03\/1-70x70.jpg 70w, https:\/\/entero.si\/wp-content\/uploads\/2025\/03\/1-60x60.jpg 60w, https:\/\/entero.si\/wp-content\/uploads\/2025\/03\/1-90x90.jpg 90w, https:\/\/entero.si\/wp-content\/uploads\/2025\/03\/1-130x130.jpg 130w, https:\/\/entero.si\/wp-content\/uploads\/2025\/03\/1-245x245.jpg 245w\" sizes=\"auto, (max-width: 500px) 100vw, 500px\" \/><\/div>\n\t\t        <\/div> \n\t\t   <\/div><div class=\"fl_custom_text__block link-color fl-custom-text-69e61fb6b1b55-3699\" ><p><a title=\"Tripper trailer Eco\" href=\"https:\/\/entero.si\/hr\/autos\/tripper-trailer-eco\/\"><strong>Radna prikolica Tripper<\/strong><\/a><br \/>\nS ru\u010dnom hidraulikom, uklonjivim stranicama i mogu\u0107no\u0161\u0107u nagiba.<\/p>\n<\/div><\/div><\/div><\/div><div class=\"wpb_column vc_column_container vc_col-sm-1\/5\"><div class=\"vc_column-inner\"><div class=\"wpb_wrapper\"><div  class=\"wpb_single_image vc_align_left\">\n                <div class=\"wpb_wrapper vc_figure\">\n\t\t\t        <div class=\"vc_single_image-wrapper\"><img loading=\"lazy\" decoding=\"async\" width=\"500\" height=\"500\" src=\"https:\/\/entero.si\/wp-content\/uploads\/2025\/03\/4.jpg\" class=\"vc_single_image-img attachment-full\" alt=\"\" title=\"4\" srcset=\"https:\/\/entero.si\/wp-content\/uploads\/2025\/03\/4.jpg 500w, https:\/\/entero.si\/wp-content\/uploads\/2025\/03\/4-300x300.jpg 300w, https:\/\/entero.si\/wp-content\/uploads\/2025\/03\/4-150x150.jpg 150w, https:\/\/entero.si\/wp-content\/uploads\/2025\/03\/4-80x80.jpg 80w, https:\/\/entero.si\/wp-content\/uploads\/2025\/03\/4-100x100.jpg 100w, https:\/\/entero.si\/wp-content\/uploads\/2025\/03\/4-70x70.jpg 70w, https:\/\/entero.si\/wp-content\/uploads\/2025\/03\/4-60x60.jpg 60w, https:\/\/entero.si\/wp-content\/uploads\/2025\/03\/4-90x90.jpg 90w, https:\/\/entero.si\/wp-content\/uploads\/2025\/03\/4-130x130.jpg 130w, https:\/\/entero.si\/wp-content\/uploads\/2025\/03\/4-245x245.jpg 245w\" sizes=\"auto, (max-width: 500px) 100vw, 500px\" \/><\/div>\n\t\t        <\/div> \n\t\t   <\/div><div class=\"fl_custom_text__block link-color fl-custom-text-69e61fb6b1f77-3372\" ><p><a title=\"Domestic trailer Standard\" href=\"https:\/\/entero.si\/hr\/autos\/domestic-trailer-standard\/\"><strong>Domestic prikolica<\/strong><\/a><br \/>\nZa prijevoz drva, alata, strojeva i druge robe.<\/p>\n<\/div><\/div><\/div><\/div><div class=\"wpb_column vc_column_container vc_col-sm-1\/5\"><div class=\"vc_column-inner\"><div class=\"wpb_wrapper\"><div  class=\"wpb_single_image vc_align_left\">\n                <div class=\"wpb_wrapper vc_figure\">\n\t\t\t        <div class=\"vc_single_image-wrapper\"><img loading=\"lazy\" decoding=\"async\" width=\"500\" height=\"500\" src=\"https:\/\/entero.si\/wp-content\/uploads\/2025\/06\/domestic_standard_2.jpg\" class=\"vc_single_image-img attachment-full\" alt=\"\" title=\"domestic_standard_2\" srcset=\"https:\/\/entero.si\/wp-content\/uploads\/2025\/06\/domestic_standard_2.jpg 500w, https:\/\/entero.si\/wp-content\/uploads\/2025\/06\/domestic_standard_2-300x300.jpg 300w, https:\/\/entero.si\/wp-content\/uploads\/2025\/06\/domestic_standard_2-150x150.jpg 150w, https:\/\/entero.si\/wp-content\/uploads\/2025\/06\/domestic_standard_2-12x12.jpg 12w, https:\/\/entero.si\/wp-content\/uploads\/2025\/06\/domestic_standard_2-80x80.jpg 80w, https:\/\/entero.si\/wp-content\/uploads\/2025\/06\/domestic_standard_2-100x100.jpg 100w, https:\/\/entero.si\/wp-content\/uploads\/2025\/06\/domestic_standard_2-70x70.jpg 70w, https:\/\/entero.si\/wp-content\/uploads\/2025\/06\/domestic_standard_2-60x60.jpg 60w, https:\/\/entero.si\/wp-content\/uploads\/2025\/06\/domestic_standard_2-90x90.jpg 90w, https:\/\/entero.si\/wp-content\/uploads\/2025\/06\/domestic_standard_2-130x130.jpg 130w, https:\/\/entero.si\/wp-content\/uploads\/2025\/06\/domestic_standard_2-245x245.jpg 245w\" sizes=\"auto, (max-width: 500px) 100vw, 500px\" \/><\/div>\n\t\t        <\/div> \n\t\t   <\/div><div class=\"fl_custom_text__block link-color fl-custom-text-69e61fb6b23b4-8669\" ><p><a title=\"Domestic trailer Standard 2\" href=\"https:\/\/entero.si\/hr\/autos\/domestic-trailer-standard-2\/\"><strong>Domestic Standard 2<\/strong><\/a><br \/>\nPrikladna za prijevoz gra\u0111evinskog materijala, manjih strojeva, drva i druge te\u017ee robe.<\/p>\n<\/div><\/div><\/div><\/div><\/div><div class=\"vc_empty_space\"   style=\"height: 100px\"><span class=\"vc_empty_space_inner\"><\/span><\/div><div class=\"fl-vc-custom-title-container text-center\" ><div class=\"custom-title-content-wrapper\"><div class=\"fl-title-vc fl-font-style-bolt fl-custom-title-69e61fb6b254a-3730 fl-title-responsive-69e61fb6b254e-9503 fl-vc--responsive\"   data-responsive-target='fl-title-responsive-69e61fb6b254e-9503'  data-responsive-param='{\"font-size\":\"desktop:39px;tablet:39px;mobile:29px;\",\"line-height\":\"\",\"letter-spacing\":\"\",\"margin-top\":\"\",\"margin-bottom\":\"\"}' ><\/p>\n<h2>Cijena najma prikolice<\/h2>\n<p><\/div><\/div><\/div><div class=\"fl_custom_text__block text-justify fl-custom-text-69e61fb6b25ab-9948\" ><p style=\"text-align: center;\">40 \u20ac po danu (24 sata) + PDV<\/p>\n<p style=\"text-align: center;\">Mogu\u0107nost vi\u0161ednevnog najma po dogovoru<\/p>\n<p style=\"text-align: center;\">Preuzimanje i povrat u Mariboru<\/p>\n<\/div><div class=\"vc_empty_space\"   style=\"height: 50px\"><span class=\"vc_empty_space_inner\"><\/span><\/div><div class=\"vc_row wpb_row vc_inner vc_row-fluid contact-button vc_column-gap-20 vc_row-o-content-middle vc_row-flex\"><div class=\"wpb_column vc_column_container vc_col-sm-4\"><div class=\"vc_column-inner\"><div class=\"wpb_wrapper\"><\/div><\/div><\/div><div class=\"wpb_column vc_column_container vc_col-sm-4\"><div class=\"vc_column-inner\"><div class=\"wpb_wrapper\"><div class=\"fl-button-wrapper-vc\" ><div class=\"button-container\" ><a class=\"fl-vc-button fl-font-style-bolt-two\"  href=\"https:\/\/entero.si\/hr\/kontakt\/\" title=\"Kontakt\">Po\u0161aljite upit<i class=\"bestbus-icon-arrow\" aria-hidden=\"true\"><\/i><\/a><\/div><\/div><\/div><\/div><\/div><div class=\"wpb_column vc_column_container vc_col-sm-4\"><div class=\"vc_column-inner\"><div class=\"wpb_wrapper\"><\/div><\/div><\/div><\/div><div class=\"vc_empty_space\"   style=\"height: 100px\"><span class=\"vc_empty_space_inner\"><\/span><\/div><div class=\"fl-vc-custom-title-container text-center\" ><div class=\"custom-title-content-wrapper\"><div class=\"fl-title-vc fl-font-style-bolt fl-custom-title-69e61fb6b2955-8981 fl-title-responsive-69e61fb6b2958-9218 fl-vc--responsive\"   data-responsive-target='fl-title-responsive-69e61fb6b2958-9218'  data-responsive-param='{\"font-size\":\"desktop:39px;tablet:39px;mobile:29px;\",\"line-height\":\"\",\"letter-spacing\":\"\",\"margin-top\":\"\",\"margin-bottom\":\"\"}' ><\/p>\n<h2>Tko mo\u017ee unajmiti prikolicu?<\/h2>\n<p><\/div><\/div><\/div><div class=\"vc_row wpb_row vc_inner vc_row-fluid\"><div class=\"wpb_column vc_column_container vc_col-sm-6\"><div class=\"vc_column-inner\"><div class=\"wpb_wrapper\"><div class=\"fl-icon-box cf\" ><div class=\"fl-icon-box-wrapper fl-icon-box-style-two\"><div class=\"icon-box-icon-wrapper\"><i class=\"fas fa-car-alt\"><\/i><\/div><div class=\"icon-box-right-content\"><div class=\"icon-box-title fl-text-title-style\">Voza\u010di s voza\u010dkom dozvolom B kategorije \u2013 druge kategorije nisu potrebne<\/div><\/div><\/div><\/div><\/div><\/div><\/div><div class=\"wpb_column vc_column_container vc_col-sm-6\"><div class=\"vc_column-inner\"><div class=\"wpb_wrapper\"><div class=\"fl-icon-box cf\" ><div class=\"fl-icon-box-wrapper fl-icon-box-style-two\"><div class=\"icon-box-icon-wrapper\"><i class=\"fas fa-user\"><\/i><\/div><div class=\"icon-box-right-content\"><div class=\"icon-box-title fl-text-title-style\">Fizi\u010dke ili pravne osobe<\/div><\/div><\/div><\/div><\/div><\/div><\/div><\/div><div class=\"vc_empty_space\"   style=\"height: 100px\"><span class=\"vc_empty_space_inner\"><\/span><\/div><div class=\"fl-vc-custom-title-container text-center\" ><div class=\"custom-title-content-wrapper\"><div class=\"fl-title-vc fl-font-style-bolt fl-custom-title-69e61fb6b2cb8-5204 fl-title-responsive-69e61fb6b2cbb-8507 fl-vc--responsive\"   data-responsive-target='fl-title-responsive-69e61fb6b2cbb-8507'  data-responsive-param='{\"font-size\":\"desktop:39px;tablet:39px;mobile:29px;\",\"line-height\":\"\",\"letter-spacing\":\"\",\"margin-top\":\"\",\"margin-bottom\":\"\"}' ><\/p>\n<h2>Za\u0161to odabrati najam kod Entero?<\/h2>\n<p><\/div><\/div><\/div><div class=\"fl_custom_text__block text-justify fl-custom-text-69e61fb6b2d1c-2814\" ><ul>\n<li>Kvalitetne prikolice BW Trailers<\/li>\n<li>Fleksibilni termini \u2013 uklju\u010duju\u0107i vikende i praznike<\/li>\n<li>Ljubazna ekipa i brz postupak preuzimanja<\/li>\n<li>Sve prikolice redovno servisirane i tehni\u010dki ispravne<\/li>\n<li>Preuzimanje na pristupa\u010dnoj lokaciji u Mariboru<\/li>\n<\/ul>\n<\/div><div class=\"vc_empty_space\"   style=\"height: 50px\"><span class=\"vc_empty_space_inner\"><\/span><\/div><div class=\"fl_custom_text__block text-justify fl-custom-text-69e61fb6b2e15-7200\" ><p>Mo\u017eda vas zanima i: <a href=\"https:\/\/entero.si\/hr\/autos\/\">Vrste prikolica<\/a>, <a href=\"https:\/\/entero.si\/hr\/transport\/\">Prijevoz<\/a>, <a href=\"https:\/\/entero.si\/hr\/nakladne-rampe\/\">Rampe<\/a>, <a href=\"https:\/\/entero.si\/hr\/autos\/tripper-trailer-eco\/\">Tripper<\/a>, <a href=\"https:\/\/entero.si\/hr\/autos\/domestic-trailer-standard\/\">Domestic<\/a><\/p>\n<\/div><div class=\"vc_empty_space\"   style=\"height: 100px\"><span class=\"vc_empty_space_inner\"><\/span><\/div><\/div><\/div><\/div><\/div><\/div><\/section><div class=\"vc_row-full-width vc_clearfix\"><\/div>\n<\/div>","protected":false},"excerpt":{"rendered":"<p>Na voljo imamo zanesljive in kakovostne prikolice BW Trailers, ki jih lahko najamete za dan, vikend ali dalj\u0161e obdobje. Vse prikolice so primerne za vo\u017enjo z vozni\u0161kim dovoljenjem B kategorije in so primerne za prevoz motorjev, ATV-jev, gradbenega materiala ali vrtne opreme. Po\u0161ljite povpra\u0161evanje Vrste prikolic na voljo za najem Quad prikolica Primerno za prevoz <\/p>","protected":false},"author":1,"featured_media":0,"parent":0,"menu_order":0,"comment_status":"closed","ping_status":"closed","template":"","meta":{"_monsterinsights_skip_tracking":false,"_monsterinsights_sitenote_active":false,"_monsterinsights_sitenote_note":"","_monsterinsights_sitenote_category":0,"footnotes":""},"class_list":["post-20056","page","type-page","status-publish","hentry"],"aioseo_notices":[],"_links":{"self":[{"href":"https:\/\/entero.si\/hr\/wp-json\/wp\/v2\/pages\/20056","targetHints":{"allow":["GET"]}}],"collection":[{"href":"https:\/\/entero.si\/hr\/wp-json\/wp\/v2\/pages"}],"about":[{"href":"https:\/\/entero.si\/hr\/wp-json\/wp\/v2\/types\/page"}],"author":[{"embeddable":true,"href":"https:\/\/entero.si\/hr\/wp-json\/wp\/v2\/users\/1"}],"replies":[{"embeddable":true,"href":"https:\/\/entero.si\/hr\/wp-json\/wp\/v2\/comments?post=20056"}],"version-history":[{"count":30,"href":"https:\/\/entero.si\/hr\/wp-json\/wp\/v2\/pages\/20056\/revisions"}],"predecessor-version":[{"id":20205,"href":"https:\/\/entero.si\/hr\/wp-json\/wp\/v2\/pages\/20056\/revisions\/20205"}],"wp:attachment":[{"href":"https:\/\/entero.si\/hr\/wp-json\/wp\/v2\/media?parent=20056"}],"curies":[{"name":"wp","href":"https:\/\/api.w.org\/{rel}","templated":true}]}}