{"id":20031,"date":"2025-05-13T21:08:27","date_gmt":"2025-05-13T21:08:27","guid":{"rendered":"https:\/\/entero.si\/?page_id=20031"},"modified":"2025-06-18T13:53:36","modified_gmt":"2025-06-18T13:53:36","slug":"gumijaste-gosenice","status":"publish","type":"page","link":"https:\/\/entero.si\/hr\/gumijaste-gosenice\/","title":{"rendered":"Gumene gusjenice"},"content":{"rendered":"<div class=\"wpb-content-wrapper\"><section data-vc-full-width=\"true\" data-vc-full-width-temp=\"true\" data-vc-full-width-init=\"false\" data-vc-stretch-content=\"true\" class=\"vc_section vc_custom_1742372494888 vc_section-has-fill\"><div class=\"vc_row wpb_row vc_row-fluid vc_column-gap-20 vc_row-o-content-middle vc_row-flex\"><div class=\"fl-custom-row\" style=\"max-width:1620px; margin:0 auto; display:block\"><div class=\"wpb_column vc_column_container vc_col-sm-12\"><div class=\"vc_column-inner\"><div class=\"wpb_wrapper\"><div class=\"vc_empty_space\"   style=\"height: 50px\"><span class=\"vc_empty_space_inner\"><\/span><\/div><\/div><\/div><\/div><\/div><\/div><div class=\"vc_row wpb_row vc_row-fluid vc_column-gap-20 vc_row-o-content-middle vc_row-flex\"><div class=\"fl-custom-row\" style=\"max-width:1100px; margin:0 auto; display:block\"><div class=\"wpb_column vc_column_container vc_col-sm-12\"><div class=\"vc_column-inner\"><div class=\"wpb_wrapper\"><div class=\"fl-vc-custom-title-container text-left\" ><div class=\"custom-title-content-wrapper\"><div class=\"fl-title-vc fl-font-style-bolt fl-custom-title-69e6100be0729-8840 fl-title-responsive-69e6100be072e-2975 fl-vc--responsive\"   data-responsive-target='fl-title-responsive-69e6100be072e-2975'  data-responsive-param='{\"font-size\":\"desktop:39px;tablet:39px;mobile:29px;\",\"line-height\":\"\",\"letter-spacing\":\"\",\"margin-top\":\"\",\"margin-bottom\":\"\"}' ><\/p>\n<h1>Gumene gusjenice i CLM komponente.<\/h1>\n<p><\/div><\/div><\/div><div class=\"fl_custom_text__block fl-custom-text-69e6100be079d-7181\" ><p><strong>Poduze\u0107e<\/strong> <strong>Entero<\/strong> je slu\u017ebeni uvoznik <strong>CLM Components<\/strong> \u2013 renomiranog talijanskog proizvo\u0111a\u010da visokokvalitetnih komponenti za prikolice, vozila, nadogradnje i gra\u0111evinske strojeve.<\/p>\n<p>CLM je etablirana blagovna znamka, ki zdru\u017euje inovativni dizajn, evropsko kakovost in dolgo \u017eivljenjsko dobo. Njihove re\u0161itve uporabljajo \u0161tevilni vodilni proizvajalci v transportni, logisti\u010dni in gradbeni industriji.<\/p>\n<p><a href=\"https:\/\/www.clmcomponents.com\/en\/rubber-tracks.html\">POGLEDAJTE IH NA OVOJ POVEZNICI<\/a><\/p>\n<\/div><div class=\"vc_empty_space\"   style=\"height: 50px\"><span class=\"vc_empty_space_inner\"><\/span><\/div><div class=\"vc_row wpb_row vc_inner vc_row-fluid vc_column-gap-20\"><div class=\"wpb_column vc_column_container vc_col-sm-6\"><div class=\"vc_column-inner\"><div class=\"wpb_wrapper\"><div  class=\"wpb_single_image vc_align_center\">\n                <div class=\"wpb_wrapper vc_figure\">\n\t\t\t        <div class=\"vc_single_image-wrapper\"><img loading=\"lazy\" decoding=\"async\" width=\"370\" height=\"255\" src=\"https:\/\/entero.si\/wp-content\/uploads\/2025\/05\/services1.jpg\" class=\"vc_single_image-img attachment-full\" alt=\"\" title=\"services1\" srcset=\"https:\/\/entero.si\/wp-content\/uploads\/2025\/05\/services1.jpg 370w, https:\/\/entero.si\/wp-content\/uploads\/2025\/05\/services1-300x207.jpg 300w, https:\/\/entero.si\/wp-content\/uploads\/2025\/05\/services1-18x12.jpg 18w\" sizes=\"auto, (max-width: 370px) 100vw, 370px\" \/><\/div>\n\t\t        <\/div> \n\t\t   <\/div><\/div><\/div><\/div><div class=\"wpb_column vc_column_container vc_col-sm-6\"><div class=\"vc_column-inner\"><div class=\"wpb_wrapper\"><div  class=\"wpb_single_image vc_align_center\">\n                <div class=\"wpb_wrapper vc_figure\">\n\t\t\t        <div class=\"vc_single_image-wrapper\"><img loading=\"lazy\" decoding=\"async\" width=\"370\" height=\"255\" src=\"https:\/\/entero.si\/wp-content\/uploads\/2025\/05\/services2.jpg\" class=\"vc_single_image-img attachment-full\" alt=\"\" title=\"services2\" srcset=\"https:\/\/entero.si\/wp-content\/uploads\/2025\/05\/services2.jpg 370w, https:\/\/entero.si\/wp-content\/uploads\/2025\/05\/services2-300x207.jpg 300w, https:\/\/entero.si\/wp-content\/uploads\/2025\/05\/services2-18x12.jpg 18w\" sizes=\"auto, (max-width: 370px) 100vw, 370px\" \/><\/div>\n\t\t        <\/div> \n\t\t   <\/div><\/div><\/div><\/div><\/div><div class=\"vc_empty_space\"   style=\"height: 50px\"><span class=\"vc_empty_space_inner\"><\/span><\/div><\/div><\/div><\/div><\/div><\/div><div class=\"vc_row wpb_row vc_row-fluid\"><div class=\"fl-custom-row\" style=\"max-width:1100px; margin:0 auto; display:block\"><div class=\"wpb_column vc_column_container vc_col-sm-12\"><div class=\"vc_column-inner\"><div class=\"wpb_wrapper\"><div class=\"fl-vc-custom-title-container text-center\" ><div class=\"custom-title-content-wrapper\"><div class=\"fl-title-vc fl-font-style-bolt fl-custom-title-69e6100be1ba8-3710 fl-title-responsive-69e6100be1bac-4734 fl-vc--responsive\"   data-responsive-target='fl-title-responsive-69e6100be1bac-4734'  data-responsive-param='{\"font-size\":\"desktop:39px;tablet:39px;mobile:29px;\",\"line-height\":\"\",\"letter-spacing\":\"\",\"margin-top\":\"\",\"margin-bottom\":\"\"}' ><\/p>\n<h2><span>\u0160to nudimo kao ovla\u0161teni uvoznik?<\/span><\/h2>\n<p><\/div><\/div><\/div><div class=\"vc_row wpb_row vc_inner vc_row-fluid\"><div class=\"wpb_column vc_column_container vc_col-sm-6\"><div class=\"vc_column-inner\"><div class=\"wpb_wrapper\"><div class=\"fl-icon-box cf\" ><div class=\"fl-icon-box-wrapper fl-icon-box-style-two\"><div class=\"icon-box-icon-wrapper\"><i class=\"fas fa-ruler\"><\/i><\/div><div class=\"icon-box-right-content\"><div class=\"icon-box-title fl-text-title-style\">Gumene gusjenice razli\u010ditih dimenzija i tipova.<\/div><\/div><\/div><\/div><div class=\"fl-icon-box cf\" ><div class=\"fl-icon-box-wrapper fl-icon-box-style-two\"><div class=\"icon-box-icon-wrapper\"><i class=\"fas fa-user\"><\/i><\/div><div class=\"icon-box-right-content\"><div class=\"icon-box-title fl-text-title-style\">Savjetovanje pri odabiru odgovaraju\u0107ih proizvoda prema namjeni<\/div><\/div><\/div><\/div><div class=\"fl-icon-box cf\" ><div class=\"fl-icon-box-wrapper fl-icon-box-style-two\"><div class=\"icon-box-icon-wrapper\"><i class=\"fas fa-rocket\"><\/i><\/div><div class=\"icon-box-right-content\"><div class=\"icon-box-title fl-text-title-style\">Brzu isporuku i logisti\u010dku podr\u0161ku \u0161irom Slovenije, Balkana i Austrije.<\/div><\/div><\/div><\/div><\/div><\/div><\/div><div class=\"wpb_column vc_column_container vc_col-sm-6\"><div class=\"vc_column-inner\"><div class=\"wpb_wrapper\"><div class=\"fl-icon-box cf\" ><div class=\"fl-icon-box-wrapper fl-icon-box-style-two\"><div class=\"icon-box-icon-wrapper\"><i class=\"fas fa-wrench\"><\/i><\/div><div class=\"icon-box-right-content\"><div class=\"icon-box-title fl-text-title-style\">Originalni rezervni dijelovi i komponente CLM.<\/div><\/div><\/div><\/div><div class=\"fl-icon-box cf\" ><div class=\"fl-icon-box-wrapper fl-icon-box-style-two\"><div class=\"icon-box-icon-wrapper\"><i class=\"fas fa-handshake\"><\/i><\/div><div class=\"icon-box-right-content\"><div class=\"icon-box-title fl-text-title-style\">Tehni\u010dko savjetovanje pri odabiru prema strojevima, prikolicama ili vozilima<\/div><\/div><\/div><\/div><div class=\"fl-icon-box cf\" ><div class=\"fl-icon-box-wrapper fl-icon-box-style-two\"><div class=\"icon-box-icon-wrapper\"><i class=\"fas fa-clipboard-list\"><\/i><\/div><div class=\"icon-box-right-content\"><div class=\"icon-box-title fl-text-title-style\">Pomo\u0107 pri naru\u010divanju i dokumentaciji<\/div><\/div><\/div><\/div><\/div><\/div><\/div><\/div><div class=\"vc_empty_space\"   style=\"height: 100px\"><span class=\"vc_empty_space_inner\"><\/span><\/div><div class=\"fl-vc-custom-title-container text-center\" ><div class=\"custom-title-content-wrapper\"><div class=\"fl-title-vc fl-font-style-bolt fl-custom-title-69e6100be208b-7274 fl-title-responsive-69e6100be208e-3465 fl-vc--responsive\"   data-responsive-target='fl-title-responsive-69e6100be208e-3465'  data-responsive-param='{\"font-size\":\"desktop:39px;tablet:39px;mobile:29px;\",\"line-height\":\"\",\"letter-spacing\":\"\",\"margin-top\":\"\",\"margin-bottom\":\"\"}' ><\/p>\n<h2>Vrhunske gumene gusjenice za gra\u0111evinske strojeve<\/h2>\n<p><\/div><\/div><\/div><div class=\"fl_custom_text__block fl-custom-text-69e6100be20eb-6222\" ><p>Na zalihi ili po narud\u017ebi:<\/p>\n<ul>\n<li>Gumene gusjenice za minibagere, rovokopa\u010de i kompaktne utovariva\u010de<\/li>\n<li>Izra\u0111ene od oja\u010dane gume s dugim vijekom trajanja<\/li>\n<li>Izvrsna otpornost na habanje, vremenske uvjete i mehani\u010dka o\u0161te\u0107enja<\/li>\n<li>Dostupne su razli\u010dite \u0161irine, du\u017eine i profili<\/li>\n<\/ul>\n<p>Prikladno za:<\/p>\n<ul>\n<li>Gra\u0111evinska poduze\u0107a<\/li>\n<li>Servisere gra\u0111evinske mehanizacije<\/li>\n<li>Poljoprivredna vozila s posebnim terenskim prilagodbama<\/li>\n<\/ul>\n<\/div><div class=\"vc_empty_space\"   style=\"height: 50px\"><span class=\"vc_empty_space_inner\"><\/span><\/div><div class=\"fl-vc-custom-title-container text-center\" ><div class=\"custom-title-content-wrapper\"><div class=\"fl-title-vc fl-font-style-bolt fl-custom-title-69e6100be221b-4039 fl-title-responsive-69e6100be221d-7075 fl-vc--responsive\"   data-responsive-target='fl-title-responsive-69e6100be221d-7075'  data-responsive-param='{\"font-size\":\"desktop:39px;tablet:39px;mobile:29px;\",\"line-height\":\"\",\"letter-spacing\":\"\",\"margin-top\":\"\",\"margin-bottom\":\"\"}' ><\/p>\n<h2>Komponente CLM Components \u2013 \u0161irok asortiman izdelkov<\/h2>\n<p><\/div><\/div><\/div><div class=\"fl_custom_text__block fl-custom-text-69e6100be226f-7262\" ><p>U ponudi imamo:<\/p>\n<ul>\n<li>Pantovi, zaklopke, ru\u010dke, za\u0161tite<\/li>\n<li>Sistemi za pri\u010dvr\u0161\u0107ivanje i podizanje za nadogradnje i prikolice<\/li>\n<li>Plinske opruge, zatvara\u010di i amortizeri<\/li>\n<li>Aluminijski i pocin\u010dani monta\u017eni elementi<\/li>\n<li>Dodatna oprema za popravke i nadogradnje vozila ili prikolica<\/li>\n<\/ul>\n<\/div><div class=\"vc_empty_space\"   style=\"height: 50px\"><span class=\"vc_empty_space_inner\"><\/span><\/div><div class=\"fl-vc-custom-title-container text-center\" ><div class=\"custom-title-content-wrapper\"><div class=\"fl-title-vc fl-font-style-bolt fl-custom-title-69e6100be237a-1907 fl-title-responsive-69e6100be237c-3025 fl-vc--responsive\"   data-responsive-target='fl-title-responsive-69e6100be237c-3025'  data-responsive-param='{\"font-size\":\"desktop:39px;tablet:39px;mobile:29px;\",\"line-height\":\"\",\"letter-spacing\":\"\",\"margin-top\":\"\",\"margin-bottom\":\"\"}' ><\/p>\n<h2>Za\u0161to odabrati Entero i CLM Components?<\/h2>\n<p><\/div><\/div><\/div><div class=\"vc_row wpb_row vc_inner vc_row-fluid\"><div class=\"wpb_column vc_column_container vc_col-sm-6\"><div class=\"vc_column-inner\"><div class=\"wpb_wrapper\"><div class=\"fl-icon-box cf\" ><div class=\"fl-icon-box-wrapper fl-icon-box-style-two\"><div class=\"icon-box-icon-wrapper\"><i class=\"fas fa-truck-loading\"><\/i><\/div><div class=\"icon-box-right-content\"><div class=\"icon-box-title fl-text-title-style\">Slu\u017ebeni uvoznik za Sloveniju, Balkan i Austriju<\/div><\/div><\/div><\/div><div class=\"fl-icon-box cf\" ><div class=\"fl-icon-box-wrapper fl-icon-box-style-two\"><div class=\"icon-box-icon-wrapper\"><i class=\"fas fa-user\"><\/i><\/div><div class=\"icon-box-right-content\"><div class=\"icon-box-title fl-text-title-style\">Podr\u0161ka pri tehni\u010dkim specifikacijama i narud\u017ebama po meri<\/div><\/div><\/div><\/div><div class=\"fl-icon-box cf\" ><div class=\"fl-icon-box-wrapper fl-icon-box-style-two\"><div class=\"icon-box-icon-wrapper\"><i class=\"fas fa-user-check\"><\/i><\/div><div class=\"icon-box-right-content\"><div class=\"icon-box-title fl-text-title-style\">Vrhunska kvaliteta \u2013 bez kompromisa<\/div><\/div><\/div><\/div><\/div><\/div><\/div><div class=\"wpb_column vc_column_container vc_col-sm-6\"><div class=\"vc_column-inner\"><div class=\"wpb_wrapper\"><div class=\"fl-icon-box cf\" ><div class=\"fl-icon-box-wrapper fl-icon-box-style-two\"><div class=\"icon-box-icon-wrapper\"><i class=\"fas fa-hourglass-start\"><\/i><\/div><div class=\"icon-box-right-content\"><div class=\"icon-box-title fl-text-title-style\">Dugogodi\u0161nje iskustvo u industriji prikolica i transporta<\/div><\/div><\/div><\/div><div class=\"fl-icon-box cf\" ><div class=\"fl-icon-box-wrapper fl-icon-box-style-two\"><div class=\"icon-box-icon-wrapper\"><i class=\"fas fa-handshake\"><\/i><\/div><div class=\"icon-box-right-content\"><div class=\"icon-box-title fl-text-title-style\">Pouzdanost, stru\u010dno savjetovanje i brza isporuka<\/div><\/div><\/div><\/div><\/div><\/div><\/div><\/div><div class=\"vc_empty_space\"   style=\"height: 50px\"><span class=\"vc_empty_space_inner\"><\/span><\/div><div class=\"vc_row wpb_row vc_inner vc_row-fluid contact-button vc_column-gap-20 vc_row-o-content-middle vc_row-flex\"><div class=\"wpb_column vc_column_container vc_col-sm-4\"><div class=\"vc_column-inner\"><div class=\"wpb_wrapper\"><\/div><\/div><\/div><div class=\"wpb_column vc_column_container vc_col-sm-4\"><div class=\"vc_column-inner\"><div class=\"wpb_wrapper\"><div class=\"fl-button-wrapper-vc\" ><div class=\"button-container\" ><a class=\"fl-vc-button fl-font-style-bolt-two\"  href=\"https:\/\/entero.si\/hr\/kontakt\/\" title=\"Kontakt\">Po\u0161aljite upit<i class=\"bestbus-icon-arrow\" aria-hidden=\"true\"><\/i><\/a><\/div><\/div><\/div><\/div><\/div><div class=\"wpb_column vc_column_container vc_col-sm-4\"><div class=\"vc_column-inner\"><div class=\"wpb_wrapper\"><\/div><\/div><\/div><\/div><div class=\"vc_empty_space\"   style=\"height: 100px\"><span class=\"vc_empty_space_inner\"><\/span><\/div><\/div><\/div><\/div><\/div><\/div><\/section><div class=\"vc_row-full-width vc_clearfix\"><\/div>\n<\/div>","protected":false},"excerpt":{"rendered":"<p>Gumijaste gosenice in CLM komponente Podjetje Entero je uradni uvoznik CLM Components \u2013 priznanega italijanskega proizvajalca visoko kakovostnih komponent za prikolice, vozila, nadgradnje in gradbene stroje. CLM je uveljavljena blagovna znamka, ki zdru\u017euje inovativno zasnovo, evropsko kakovost in dolgo \u017eivljenjsko dobo. Njihove re\u0161itve uporabljajo \u0161tevilni vodilni proizvajalci v industriji transporta, logistike in gradbeni\u0161tva. OGLEJTE SI <\/p>","protected":false},"author":1,"featured_media":0,"parent":0,"menu_order":0,"comment_status":"closed","ping_status":"closed","template":"","meta":{"_monsterinsights_skip_tracking":false,"_monsterinsights_sitenote_active":false,"_monsterinsights_sitenote_note":"","_monsterinsights_sitenote_category":0,"footnotes":""},"class_list":["post-20031","page","type-page","status-publish","hentry"],"aioseo_notices":[],"_links":{"self":[{"href":"https:\/\/entero.si\/hr\/wp-json\/wp\/v2\/pages\/20031","targetHints":{"allow":["GET"]}}],"collection":[{"href":"https:\/\/entero.si\/hr\/wp-json\/wp\/v2\/pages"}],"about":[{"href":"https:\/\/entero.si\/hr\/wp-json\/wp\/v2\/types\/page"}],"author":[{"embeddable":true,"href":"https:\/\/entero.si\/hr\/wp-json\/wp\/v2\/users\/1"}],"replies":[{"embeddable":true,"href":"https:\/\/entero.si\/hr\/wp-json\/wp\/v2\/comments?post=20031"}],"version-history":[{"count":19,"href":"https:\/\/entero.si\/hr\/wp-json\/wp\/v2\/pages\/20031\/revisions"}],"predecessor-version":[{"id":20117,"href":"https:\/\/entero.si\/hr\/wp-json\/wp\/v2\/pages\/20031\/revisions\/20117"}],"wp:attachment":[{"href":"https:\/\/entero.si\/hr\/wp-json\/wp\/v2\/media?parent=20031"}],"curies":[{"name":"wp","href":"https:\/\/api.w.org\/{rel}","templated":true}]}}