{"id":19978,"date":"2025-04-06T16:01:27","date_gmt":"2025-04-06T16:01:27","guid":{"rendered":"https:\/\/entero.si\/?page_id=19978"},"modified":"2025-06-25T20:51:54","modified_gmt":"2025-06-25T20:51:54","slug":"nakladne-rampe","status":"publish","type":"page","link":"https:\/\/entero.si\/hr\/nakladne-rampe\/","title":{"rendered":"Utovarne rampe"},"content":{"rendered":"<div class=\"wpb-content-wrapper\"><section data-vc-full-width=\"true\" data-vc-full-width-temp=\"true\" data-vc-full-width-init=\"false\" data-vc-stretch-content=\"true\" class=\"vc_section vc_custom_1742372494888 vc_section-has-fill\"><div class=\"vc_row wpb_row vc_row-fluid vc_column-gap-20 vc_row-o-content-middle vc_row-flex\"><div class=\"fl-custom-row\" style=\"max-width:1620px; margin:0 auto; display:block\"><div class=\"wpb_column vc_column_container vc_col-sm-12\"><div class=\"vc_column-inner\"><div class=\"wpb_wrapper\"><div class=\"vc_empty_space\"   style=\"height: 50px\"><span class=\"vc_empty_space_inner\"><\/span><\/div><\/div><\/div><\/div><\/div><\/div><div class=\"vc_row wpb_row vc_row-fluid vc_column-gap-20 vc_row-o-content-middle vc_row-flex\"><div class=\"fl-custom-row\" style=\"max-width:1100px; margin:0 auto; display:block\"><div class=\"wpb_column vc_column_container vc_col-sm-12\"><div class=\"vc_column-inner\"><div class=\"wpb_wrapper\"><div class=\"fl-vc-custom-title-container text-center\" ><div class=\"custom-title-content-wrapper\"><div class=\"fl-title-vc fl-font-style-bolt fl-custom-title-69e6127aa0c6a-5334 fl-title-responsive-69e6127aa0c70-4842 fl-vc--responsive\"   data-responsive-target='fl-title-responsive-69e6127aa0c70-4842'  data-responsive-param='{\"font-size\":\"desktop:39px;tablet:39px;mobile:29px;\",\"line-height\":\"\",\"letter-spacing\":\"\",\"margin-top\":\"\",\"margin-bottom\":\"\"}' ><\/p>\n<h1>Utovarne rampe Definitive CLM<\/h1>\n<p><\/div><\/div><\/div><div class=\"fl_custom_text__block fl-custom-text-69e6127aa0cd7-8059\" ><p>Poduze\u0107e <strong>Entero<\/strong> je ponosni generalni uvoznik utovarnih ramp <strong>Definitive CLM<\/strong> za Sloveniju, Balkan i Austriju. Definitive CLM je vode\u0107i europski proizvo\u0111a\u010d aluminijskih utovarnih sustava za teretna i dostavna vozila, gra\u0111evinske strojeve, servisna vozila i rje\u0161enja za mobilnost.<\/p>\n<p>Na\u0161a ponuda uklju\u010duje rampe razli\u010ditih dimenzija, nosivosti i tipova upotrebe \u2013 sve izra\u0111ene s vrhunskom precizno\u0161\u0107u i u skladu s europskim sigurnosnim standardima.<\/p>\n<p><a href=\"https:\/\/www.definitiveclm.com\/en\/aluminium-loading-ramps\/\">POGLEDAJTE IH NA OVOJ POVEZNICI<\/a><\/p>\n<\/div><div class=\"vc_empty_space\"   style=\"height: 50px\"><span class=\"vc_empty_space_inner\"><\/span><\/div><div class=\"vc_row wpb_row vc_inner vc_row-fluid contact-button vc_column-gap-20 vc_row-o-content-middle vc_row-flex\"><div class=\"wpb_column vc_column_container vc_col-sm-4\"><div class=\"vc_column-inner\"><div class=\"wpb_wrapper\"><\/div><\/div><\/div><div class=\"wpb_column vc_column_container vc_col-sm-4\"><div class=\"vc_column-inner\"><div class=\"wpb_wrapper\"><div class=\"fl-button-wrapper-vc\" ><div class=\"button-container\" ><a class=\"fl-vc-button fl-font-style-bolt-two\"  href=\"https:\/\/entero.si\/hr\/kontakt\/\" title=\"Kontakt\">Po\u0161aljite upit<i class=\"bestbus-icon-arrow\" aria-hidden=\"true\"><\/i><\/a><\/div><\/div><\/div><\/div><\/div><div class=\"wpb_column vc_column_container vc_col-sm-4\"><div class=\"vc_column-inner\"><div class=\"wpb_wrapper\"><\/div><\/div><\/div><\/div><div class=\"vc_empty_space\"   style=\"height: 50px\"><span class=\"vc_empty_space_inner\"><\/span><\/div><div class=\"vc_row wpb_row vc_inner vc_row-fluid vc_column-gap-20\"><div class=\"wpb_column vc_column_container vc_col-sm-6\"><div class=\"vc_column-inner\"><div class=\"wpb_wrapper\"><div  class=\"wpb_single_image vc_align_center\">\n                <div class=\"wpb_wrapper vc_figure\">\n\t\t\t        <div class=\"vc_single_image-wrapper\"><img loading=\"lazy\" decoding=\"async\" width=\"2100\" height=\"1292\" src=\"https:\/\/entero.si\/wp-content\/uploads\/2025\/05\/copertina-11.jpg\" class=\"vc_single_image-img attachment-full\" alt=\"\" title=\"copertina-11\" srcset=\"https:\/\/entero.si\/wp-content\/uploads\/2025\/05\/copertina-11.jpg 2100w, https:\/\/entero.si\/wp-content\/uploads\/2025\/05\/copertina-11-300x185.jpg 300w, https:\/\/entero.si\/wp-content\/uploads\/2025\/05\/copertina-11-1024x630.jpg 1024w, https:\/\/entero.si\/wp-content\/uploads\/2025\/05\/copertina-11-768x473.jpg 768w, https:\/\/entero.si\/wp-content\/uploads\/2025\/05\/copertina-11-1536x945.jpg 1536w, https:\/\/entero.si\/wp-content\/uploads\/2025\/05\/copertina-11-2048x1260.jpg 2048w, https:\/\/entero.si\/wp-content\/uploads\/2025\/05\/copertina-11-18x12.jpg 18w, https:\/\/entero.si\/wp-content\/uploads\/2025\/05\/copertina-11-600x369.jpg 600w\" sizes=\"auto, (max-width: 2100px) 100vw, 2100px\" \/><\/div>\n\t\t        <\/div> \n\t\t   <\/div><\/div><\/div><\/div><div class=\"wpb_column vc_column_container vc_col-sm-6\"><div class=\"vc_column-inner\"><div class=\"wpb_wrapper\"><div  class=\"wpb_single_image vc_align_center\">\n                <div class=\"wpb_wrapper vc_figure\">\n\t\t\t        <div class=\"vc_single_image-wrapper\"><img loading=\"lazy\" decoding=\"async\" width=\"2100\" height=\"1292\" src=\"https:\/\/entero.si\/wp-content\/uploads\/2025\/05\/copertina-111.jpg\" class=\"vc_single_image-img attachment-full\" alt=\"\" title=\"copertina-111\" srcset=\"https:\/\/entero.si\/wp-content\/uploads\/2025\/05\/copertina-111.jpg 2100w, https:\/\/entero.si\/wp-content\/uploads\/2025\/05\/copertina-111-300x185.jpg 300w, https:\/\/entero.si\/wp-content\/uploads\/2025\/05\/copertina-111-1024x630.jpg 1024w, https:\/\/entero.si\/wp-content\/uploads\/2025\/05\/copertina-111-768x473.jpg 768w, https:\/\/entero.si\/wp-content\/uploads\/2025\/05\/copertina-111-1536x945.jpg 1536w, https:\/\/entero.si\/wp-content\/uploads\/2025\/05\/copertina-111-2048x1260.jpg 2048w, https:\/\/entero.si\/wp-content\/uploads\/2025\/05\/copertina-111-18x12.jpg 18w, https:\/\/entero.si\/wp-content\/uploads\/2025\/05\/copertina-111-600x369.jpg 600w\" sizes=\"auto, (max-width: 2100px) 100vw, 2100px\" \/><\/div>\n\t\t        <\/div> \n\t\t   <\/div><\/div><\/div><\/div><\/div><div class=\"vc_empty_space\"   style=\"height: 50px\"><span class=\"vc_empty_space_inner\"><\/span><\/div><\/div><\/div><\/div><\/div><\/div><div class=\"vc_row wpb_row vc_row-fluid\"><div class=\"fl-custom-row\" style=\"max-width:1100px; margin:0 auto; display:block\"><div class=\"wpb_column vc_column_container vc_col-sm-12\"><div class=\"vc_column-inner\"><div class=\"wpb_wrapper\"><div class=\"fl-vc-custom-title-container text-center\" ><div class=\"custom-title-content-wrapper\"><div class=\"fl-title-vc fl-font-style-bolt fl-custom-title-69e6127aa25e7-248 fl-title-responsive-69e6127aa25ec-7124 fl-vc--responsive\"   data-responsive-target='fl-title-responsive-69e6127aa25ec-7124'  data-responsive-param='{\"font-size\":\"desktop:39px;tablet:39px;mobile:29px;\",\"line-height\":\"\",\"letter-spacing\":\"\",\"margin-top\":\"\",\"margin-bottom\":\"\"}' ><\/p>\n<h2><span>Za\u0161to odabrati Definitive CLM utovarne rampe?<\/span><\/h2>\n<p><\/div><\/div><\/div><div class=\"vc_row wpb_row vc_inner vc_row-fluid\"><div class=\"wpb_column vc_column_container vc_col-sm-6\"><div class=\"vc_column-inner\"><div class=\"wpb_wrapper\"><div class=\"fl-icon-box cf\" ><div class=\"fl-icon-box-wrapper fl-icon-box-style-two\"><div class=\"icon-box-icon-wrapper\"><i class=\"fas fa-weight-hanging\"><\/i><\/div><div class=\"icon-box-right-content\"><div class=\"icon-box-title fl-text-title-style\">Izuzetna nosivost uz minimalnu vlastitu te\u017einu (aluminij)<\/div><\/div><\/div><\/div><div class=\"fl-icon-box cf\" ><div class=\"fl-icon-box-wrapper fl-icon-box-style-two\"><div class=\"icon-box-icon-wrapper\"><i class=\"fas fa-rocket\"><\/i><\/div><div class=\"icon-box-right-content\"><div class=\"icon-box-title fl-text-title-style\">Brza instalacija, mogu\u0107nost fiksne ili mobilne upotrebe<\/div><\/div><\/div><\/div><div class=\"fl-icon-box cf\" ><div class=\"fl-icon-box-wrapper fl-icon-box-style-two\"><div class=\"icon-box-icon-wrapper\"><i class=\"fas fa-pencil-ruler\"><\/i><\/div><div class=\"icon-box-right-content\"><div class=\"icon-box-title fl-text-title-style\">Dostupne su razli\u010dite dimenzije, du\u017eine i nagibi<\/div><\/div><\/div><\/div><\/div><\/div><\/div><div class=\"wpb_column vc_column_container vc_col-sm-6\"><div class=\"vc_column-inner\"><div class=\"wpb_wrapper\"><div class=\"fl-icon-box cf\" ><div class=\"fl-icon-box-wrapper fl-icon-box-style-two\"><div class=\"icon-box-icon-wrapper\"><i class=\"fas fa-shield-alt\"><\/i><\/div><div class=\"icon-box-right-content\"><div class=\"icon-box-title fl-text-title-style\">Certificirane i testirane prema europskim sigurnosnim standardima<\/div><\/div><\/div><\/div><div class=\"fl-icon-box cf\" ><div class=\"fl-icon-box-wrapper fl-icon-box-style-two\"><div class=\"icon-box-icon-wrapper\"><i class=\"fas fa-hammer\"><\/i><\/div><div class=\"icon-box-right-content\"><div class=\"icon-box-title fl-text-title-style\">Prikladne za profesionalnu i svakodnevnu upotrebu<\/div><\/div><\/div><\/div><div class=\"fl-icon-box cf\" ><div class=\"fl-icon-box-wrapper fl-icon-box-style-two\"><div class=\"icon-box-icon-wrapper\"><i class=\"fas fa-hourglass-start\"><\/i><\/div><div class=\"icon-box-right-content\"><div class=\"icon-box-title fl-text-title-style\">Dug vijek trajanja \u2013 otporne na koroziju, vremenske uvjete i habanje.<\/div><\/div><\/div><\/div><\/div><\/div><\/div><\/div><div class=\"vc_empty_space\"   style=\"height: 50px\"><span class=\"vc_empty_space_inner\"><\/span><\/div><div class=\"fl-vc-custom-title-container text-center\" ><div class=\"custom-title-content-wrapper\"><div class=\"fl-title-vc fl-font-style-bolt fl-custom-title-69e6127aa2ada-1094 fl-title-responsive-69e6127aa2ade-5294 fl-vc--responsive\"   data-responsive-target='fl-title-responsive-69e6127aa2ade-5294'  data-responsive-param='{\"font-size\":\"desktop:39px;tablet:39px;mobile:29px;\",\"line-height\":\"\",\"letter-spacing\":\"\",\"margin-top\":\"\",\"margin-bottom\":\"\"}' ><\/p>\n<h2>Gdje se koriste ove rampe?<\/h2>\n<p><\/div><\/div><\/div><div class=\"fl_custom_text__block fl-custom-text-69e6127aa2b43-8167\" ><p>Na\u0161e utovarne rampe su popularno rje\u0161enje za:<\/p>\n<ul>\n<li>Teretna i dostavna vozila \u2013 za brzo utovarivanje i istovarivanje paleta, strojeva, opreme<\/li>\n<li>Servisna vozila i vu\u010dne slu\u017ebe \u2013 jednostavan pristup za prijevozna sredstva i strojeve<\/li>\n<li>Gra\u0111evinski i poljoprivredni sektor \u2013 prijevoz bagera, kosilica, priklju\u010daka<\/li>\n<li>Zdravstvena i mobilnosna rje\u0161enja \u2013 za invalidska kolica i pristupa\u010dna vozila<\/li>\n<\/ul>\n<\/div><div class=\"vc_empty_space\"   style=\"height: 50px\"><span class=\"vc_empty_space_inner\"><\/span><\/div><div class=\"fl-vc-custom-title-container text-center\" ><div class=\"custom-title-content-wrapper\"><div class=\"fl-title-vc fl-font-style-bolt fl-custom-title-69e6127aa2c56-2120 fl-title-responsive-69e6127aa2c59-2870 fl-vc--responsive\"   data-responsive-target='fl-title-responsive-69e6127aa2c59-2870'  data-responsive-param='{\"font-size\":\"desktop:39px;tablet:39px;mobile:29px;\",\"line-height\":\"\",\"letter-spacing\":\"\",\"margin-top\":\"\",\"margin-bottom\":\"\"}' ><\/p>\n<h2>Individualno savjetovanje i prodajna podr\u0161ka<\/h2>\n<p><\/div><\/div><\/div><div class=\"fl_custom_text__block fl-custom-text-69e6127aa2cac-1956\" ><p>Kao slu\u017ebeni distributer za Sloveniju, Balkan i Austriju nudimo vam:<\/p>\n<ul>\n<li>Tehni\u010dko savjetovanje pri odabiru odgovaraju\u0107e rampe<\/li>\n<li>Prilagodba dimenzija prema va\u0161em na\u010dinu upotrebe<\/li>\n<li>Brz odgovor i priprema ponude<\/li>\n<li>Dugoro\u010dnu podr\u0161ku i mogu\u0107nost dodatne opreme<\/li>\n<\/ul>\n<\/div><div class=\"vc_row wpb_row vc_inner vc_row-fluid vc_column-gap-20\"><div class=\"wpb_column vc_column_container vc_col-sm-12\"><div class=\"vc_column-inner\"><div class=\"wpb_wrapper\"><div class=\"vc_empty_space\"   style=\"height: 50px\"><span class=\"vc_empty_space_inner\"><\/span><\/div><div class=\"fl_custom_text__block text-justify fl-custom-text-69e6127aa2ecd-9447\" ><p style=\"text-align: center;\">\u017delite informativnu ponudu, savjetovanje ili katalog rampi s dimenzijama?<br \/>\nKontaktirajte nas \u2013 zajedno \u0107emo prona\u0107i idealno rje\u0161enje za va\u0161e radno okru\u017eenje.<\/p>\n<\/div><div class=\"vc_empty_space\"   style=\"height: 50px\"><span class=\"vc_empty_space_inner\"><\/span><\/div><\/div><\/div><\/div><\/div><div class=\"vc_row wpb_row vc_inner vc_row-fluid contact-button vc_column-gap-20 vc_row-o-content-middle vc_row-flex\"><div class=\"wpb_column vc_column_container vc_col-sm-4\"><div class=\"vc_column-inner\"><div class=\"wpb_wrapper\"><\/div><\/div><\/div><div class=\"wpb_column vc_column_container vc_col-sm-4\"><div class=\"vc_column-inner\"><div class=\"wpb_wrapper\"><div class=\"fl-button-wrapper-vc\" ><div class=\"button-container\" ><a class=\"fl-vc-button fl-font-style-bolt-two\"  href=\"https:\/\/entero.si\/hr\/kontakt\/\" title=\"Kontakt\">Po\u0161aljite upit<i class=\"bestbus-icon-arrow\" aria-hidden=\"true\"><\/i><\/a><\/div><\/div><\/div><\/div><\/div><div class=\"wpb_column vc_column_container vc_col-sm-4\"><div class=\"vc_column-inner\"><div class=\"wpb_wrapper\"><\/div><\/div><\/div><\/div><div class=\"vc_empty_space\"   style=\"height: 50px\"><span class=\"vc_empty_space_inner\"><\/span><\/div><div class=\"fl_custom_text__block fl-custom-text-69e6127aa3250-3535\" ><p style=\"text-align: left;\">Mo\u017eda vas zanima i: <a href=\"https:\/\/entero.si\/hr\/autos\/\">Vrste prikolica<\/a>, <a href=\"https:\/\/entero.si\/hr\/autos\/quad-trailer\/\">Quad<\/a>, <a href=\"https:\/\/entero.si\/hr\/autos\/motorcycle-trailer\/\">Moto<\/a>, <a href=\"https:\/\/entero.si\/hr\/autos\/domestic-trailer-standard\/\">Domestic<\/a>, <a href=\"https:\/\/entero.si\/hr\/autos\/tripper-trailer-eco\/\">Tripper<\/a><\/p>\n<\/div><div class=\"vc_empty_space\"   style=\"height: 100px\"><span class=\"vc_empty_space_inner\"><\/span><\/div><\/div><\/div><\/div><\/div><\/div><\/section><div class=\"vc_row-full-width vc_clearfix\"><\/div>\n<\/div>","protected":false},"excerpt":{"rendered":"<p>Nakladne rampe Definitive CLM Podjetje Entero je ponosen generalni uvoznik nakladnih ramp Definitive CLM za Slovenijo, Balkan in Avstrijo. Definitive CLM je vodilni evropski proizvajalec aluminijastih nakladnih sistemov za tovorna in dostavna vozila, gradbene stroje, servisna vozila in mobilnostne re\u0161itve. Na\u0161a ponudba vklju\u010duje rampe razli\u010dnih dimenzij, nosilnosti in tipov uporabe \u2013 vse izdelane z vrhunsko <\/p>","protected":false},"author":1,"featured_media":0,"parent":0,"menu_order":0,"comment_status":"closed","ping_status":"closed","template":"","meta":{"_monsterinsights_skip_tracking":false,"_monsterinsights_sitenote_active":false,"_monsterinsights_sitenote_note":"","_monsterinsights_sitenote_category":0,"footnotes":""},"class_list":["post-19978","page","type-page","status-publish","hentry"],"aioseo_notices":[],"_links":{"self":[{"href":"https:\/\/entero.si\/hr\/wp-json\/wp\/v2\/pages\/19978","targetHints":{"allow":["GET"]}}],"collection":[{"href":"https:\/\/entero.si\/hr\/wp-json\/wp\/v2\/pages"}],"about":[{"href":"https:\/\/entero.si\/hr\/wp-json\/wp\/v2\/types\/page"}],"author":[{"embeddable":true,"href":"https:\/\/entero.si\/hr\/wp-json\/wp\/v2\/users\/1"}],"replies":[{"embeddable":true,"href":"https:\/\/entero.si\/hr\/wp-json\/wp\/v2\/comments?post=19978"}],"version-history":[{"count":27,"href":"https:\/\/entero.si\/hr\/wp-json\/wp\/v2\/pages\/19978\/revisions"}],"predecessor-version":[{"id":20256,"href":"https:\/\/entero.si\/hr\/wp-json\/wp\/v2\/pages\/19978\/revisions\/20256"}],"wp:attachment":[{"href":"https:\/\/entero.si\/hr\/wp-json\/wp\/v2\/media?parent=19978"}],"curies":[{"name":"wp","href":"https:\/\/api.w.org\/{rel}","templated":true}]}}