{"id":19723,"date":"2025-03-16T16:46:12","date_gmt":"2025-03-16T16:46:12","guid":{"rendered":"https:\/\/entero.si\/?page_id=19723"},"modified":"2025-06-19T20:29:10","modified_gmt":"2025-06-19T20:29:10","slug":"transport","status":"publish","type":"page","link":"https:\/\/entero.si\/hr\/transport\/","title":{"rendered":"Prijevoz"},"content":{"rendered":"<div class=\"wpb-content-wrapper\"><section data-vc-full-width=\"true\" data-vc-full-width-temp=\"true\" data-vc-full-width-init=\"false\" data-vc-stretch-content=\"true\" class=\"vc_section vc_custom_1742372494888 vc_section-has-fill\"><div class=\"vc_row wpb_row vc_row-fluid vc_column-gap-20 vc_row-o-content-middle vc_row-flex\"><div class=\"fl-custom-row\" style=\"max-width:1620px; margin:0 auto; display:block\"><div class=\"wpb_column vc_column_container vc_col-sm-12\"><div class=\"vc_column-inner\"><div class=\"wpb_wrapper\"><div class=\"vc_empty_space\"   style=\"height: 50px\"><span class=\"vc_empty_space_inner\"><\/span><\/div><\/div><\/div><\/div><\/div><\/div><div class=\"vc_row wpb_row vc_row-fluid vc_column-gap-20 vc_row-o-content-middle vc_row-flex\"><div class=\"fl-custom-row\" style=\"max-width:1100px; margin:0 auto; display:block\"><div class=\"wpb_column vc_column_container vc_col-sm-12\"><div class=\"vc_column-inner\"><div class=\"wpb_wrapper\"><div class=\"fl-vc-custom-title-container text-left\" ><div class=\"custom-title-content-wrapper\"><div class=\"fl-title-vc fl-font-style-bolt fl-custom-title-69e60c09a47f0-3236 fl-title-responsive-69e60c09a47f7-7879 fl-vc--responsive\"   data-responsive-target='fl-title-responsive-69e60c09a47f7-7879'  data-responsive-param='{\"font-size\":\"desktop:39px;tablet:39px;mobile:29px;\",\"line-height\":\"\",\"letter-spacing\":\"\",\"margin-top\":\"\",\"margin-bottom\":\"\"}' ><\/p>\n<h1>Prijevoz tereta s prikolicom<\/h1>\n<p><\/div><\/div><\/div><div class=\"fl_custom_text__block text-justify fl-custom-text-69e60c09a4871-3868\" ><p style=\"text-align: left;\">Pri <strong>Entero<\/strong> nudimo vam profesionalne usluge prijevoza, prilago\u0111ene va\u0161im potrebama. Dostupni smo za prijevoz razli\u010ditih vrsta tereta diljem Slovenije \u2013 s vlastitim prikolicama <strong>BW Trailers<\/strong> i iskusnim timom. Po potrebi osiguravamo i utovar i istovar.<\/p>\n<\/div><div class=\"vc_empty_space\"   style=\"height: 50px\"><span class=\"vc_empty_space_inner\"><\/span><\/div><div class=\"vc_row wpb_row vc_inner vc_row-fluid contact-button vc_column-gap-20 vc_row-o-content-middle vc_row-flex\"><div class=\"wpb_column vc_column_container vc_col-sm-4\"><div class=\"vc_column-inner\"><div class=\"wpb_wrapper\"><\/div><\/div><\/div><div class=\"wpb_column vc_column_container vc_col-sm-4\"><div class=\"vc_column-inner\"><div class=\"wpb_wrapper\"><div class=\"fl-button-wrapper-vc\" ><div class=\"button-container\" ><a class=\"fl-vc-button fl-font-style-bolt-two\"  href=\"https:\/\/entero.si\/hr\/kontakt\/\" title=\"Kontakt\">Po\u0161aljite upit<i class=\"bestbus-icon-arrow\" aria-hidden=\"true\"><\/i><\/a><\/div><\/div><\/div><\/div><\/div><div class=\"wpb_column vc_column_container vc_col-sm-4\"><div class=\"vc_column-inner\"><div class=\"wpb_wrapper\"><\/div><\/div><\/div><\/div><div class=\"vc_empty_space\"   style=\"height: 50px\"><span class=\"vc_empty_space_inner\"><\/span><\/div><\/div><\/div><\/div><\/div><\/div><div class=\"vc_row wpb_row vc_row-fluid vc_column-gap-20 vc_row-o-content-middle vc_row-flex\"><div class=\"fl-custom-row\" style=\"max-width:1100px; margin:0 auto; display:block\"><div class=\"wpb_column vc_column_container vc_col-sm-12\"><div class=\"vc_column-inner\"><div class=\"wpb_wrapper\"><div  class=\"wpb_single_image vc_align_center\">\n                <div class=\"wpb_wrapper vc_figure\">\n\t\t\t        <div class=\"vc_single_image-wrapper\"><img loading=\"lazy\" decoding=\"async\" width=\"1024\" height=\"668\" src=\"https:\/\/entero.si\/wp-content\/uploads\/2025\/03\/ENTERO-Trasnsport-1024x668.jpg\" class=\"vc_single_image-img attachment-large\" alt=\"\" title=\"ENTERO - Trasnsport\" srcset=\"https:\/\/entero.si\/wp-content\/uploads\/2025\/03\/ENTERO-Trasnsport-1024x668.jpg 1024w, https:\/\/entero.si\/wp-content\/uploads\/2025\/03\/ENTERO-Trasnsport-600x391.jpg 600w, https:\/\/entero.si\/wp-content\/uploads\/2025\/03\/ENTERO-Trasnsport-300x196.jpg 300w, https:\/\/entero.si\/wp-content\/uploads\/2025\/03\/ENTERO-Trasnsport-768x501.jpg 768w, https:\/\/entero.si\/wp-content\/uploads\/2025\/03\/ENTERO-Trasnsport-1536x1002.jpg 1536w, https:\/\/entero.si\/wp-content\/uploads\/2025\/03\/ENTERO-Trasnsport.jpg 1920w\" sizes=\"auto, (max-width: 1024px) 100vw, 1024px\" \/><\/div>\n\t\t        <\/div> \n\t\t   <\/div><\/div><\/div><\/div><\/div><\/div><div class=\"vc_row wpb_row vc_row-fluid\"><div class=\"fl-custom-row\" style=\"max-width:1100px; margin:0 auto; display:block\"><div class=\"wpb_column vc_column_container vc_col-sm-12\"><div class=\"vc_column-inner\"><div class=\"wpb_wrapper\"><div class=\"vc_empty_space\"   style=\"height: 100px\"><span class=\"vc_empty_space_inner\"><\/span><\/div><div class=\"fl-vc-custom-title-container text-center\" ><div class=\"custom-title-content-wrapper\"><div class=\"fl-title-vc fl-font-style-bolt fl-custom-title-69e60c09a56f7-5680 fl-title-responsive-69e60c09a56fb-7718 fl-vc--responsive\"   data-responsive-target='fl-title-responsive-69e60c09a56fb-7718'  data-responsive-param='{\"font-size\":\"desktop:39px;tablet:39px;mobile:29px;\",\"line-height\":\"\",\"letter-spacing\":\"\",\"margin-top\":\"\",\"margin-bottom\":\"\"}' ><\/p>\n<h2>Kada nas mo\u017eete anga\u017eirati?<\/h2>\n<p><\/div><\/div><\/div><div class=\"vc_row wpb_row vc_inner vc_row-fluid\"><div class=\"wpb_column vc_column_container vc_col-sm-6\"><div class=\"vc_column-inner\"><div class=\"wpb_wrapper\"><div class=\"fl-icon-box cf\" ><div class=\"fl-icon-box-wrapper fl-icon-box-style-two\"><div class=\"icon-box-icon-wrapper\"><i class=\"fas fa-couch\"><\/i><\/div><div class=\"icon-box-right-content\"><div class=\"icon-box-text-content\"><span>Kupili ste novi<\/span><span>\u00a0<\/span><strong>ormar, kau\u010d ili drugi namje\u0161taj<\/strong><span>ali nemate odgovaraju\u0107i prijevoz? Mi \u0107emo ga dostaviti i pomo\u0107i pri unosu!<\/span><\/div><\/div><\/div><\/div><\/div><\/div><\/div><div class=\"wpb_column vc_column_container vc_col-sm-6\"><div class=\"vc_column-inner\"><div class=\"wpb_wrapper\"><div class=\"fl-icon-box cf\" ><div class=\"fl-icon-box-wrapper fl-icon-box-style-two\"><div class=\"icon-box-icon-wrapper\"><i class=\"fas fa-laptop\"><\/i><\/div><div class=\"icon-box-right-content\"><div class=\"icon-box-text-content\">Selite<span>\u00a0<\/span><strong>uredsku opremu<\/strong><span>\u00a0<\/span>i trebate fleksibilan prijevoz? Osiguravamo siguran transport te pomo\u0107 pri utovaru i istovaru.<\/div><\/div><\/div><\/div><\/div><\/div><\/div><\/div><div class=\"vc_row wpb_row vc_inner vc_row-fluid\"><div class=\"wpb_column vc_column_container vc_col-sm-6\"><div class=\"vc_column-inner\"><div class=\"wpb_wrapper\"><div class=\"fl-icon-box cf\" ><div class=\"fl-icon-box-wrapper fl-icon-box-style-two\"><div class=\"icon-box-icon-wrapper\"><i class=\"fas fa-wrench\"><\/i><\/div><div class=\"icon-box-right-content\"><div class=\"icon-box-text-content\">Trebate dostavu<span>\u00a0<\/span><strong>gra\u0111evinskog materijala<\/strong><span>\u00a0<\/span>ili ve\u0107ih paketa na gradili\u0161te? Na\u0161 tim brine za pravovremenu isporuku i iskrcaj.<\/div><\/div><\/div><\/div><\/div><\/div><\/div><div class=\"wpb_column vc_column_container vc_col-sm-6\"><div class=\"vc_column-inner\"><div class=\"wpb_wrapper\"><div class=\"fl-icon-box cf\" ><div class=\"fl-icon-box-wrapper fl-icon-box-style-two\"><div class=\"icon-box-icon-wrapper\"><i class=\"fas fa-motorcycle\"><\/i><\/div><div class=\"icon-box-right-content\"><div class=\"icon-box-text-content\">Kupili ste<span>\u00a0<\/span><strong>motor, \u010detverokota\u010d ili neki drugi ve\u0107i ure\u0111aj<\/strong><span>\u00a0<\/span>i trebate siguran prijevoz? Mi imamo rje\u0161enje!<\/div><\/div><\/div><\/div><\/div><\/div><\/div><\/div><div class=\"vc_empty_space\"   style=\"height: 50px\"><span class=\"vc_empty_space_inner\"><\/span><\/div><div class=\"vc_row wpb_row vc_inner vc_row-fluid vc_column-gap-20\"><div class=\"wpb_column vc_column_container vc_col-sm-12\"><div class=\"vc_column-inner\"><div class=\"wpb_wrapper\"><div class=\"fl-vc-custom-title-container text-left\" ><div class=\"custom-title-content-wrapper\"><div class=\"fl-title-vc fl-font-style-bolt fl-custom-title-69e60c09a5ec0-3805 fl-title-responsive-69e60c09a5ec3-1390 fl-vc--responsive\"   data-responsive-target='fl-title-responsive-69e60c09a5ec3-1390'  data-responsive-param='{\"font-size\":\"desktop:39px;tablet:39px;mobile:29px;\",\"line-height\":\"\",\"letter-spacing\":\"\",\"margin-top\":\"\",\"margin-bottom\":\"\"}' ><\/p>\n<h2 style=\"text-align: center;\">Cjenik usluga prijevoza:<\/h2>\n<p><\/div><\/div><\/div><\/div><\/div><\/div><\/div><div class=\"vc_row wpb_row vc_inner vc_row-fluid vc_column-gap-20\"><div class=\"wpb_column vc_column_container vc_col-sm-4\"><div class=\"vc_column-inner\"><div class=\"wpb_wrapper\"><section ><div id=\"vc-pricing-table-69e60c09a6494\" class=\"vc_general wpb-pricing-table vc_custom_1742764406182 vc_do_pricing_table\"><h3 class=\"wpb-plan-title\">Najam prikolice<\/h2><p class=\"wpb-plan-description\"><\/p><div class=\"wpb-price-container\"><sup class=\"wpb-currency\"><\/sup><strong class=\"wpb-price\">40\u20ac<\/strong><sub class=\"wpb-period\">+ PDV po danu<\/sub><\/div><\/div><\/section><style>#vc-pricing-table-69e60c09a6494 .wpb-plan-features li::before {  content: \"\";  display: inline-block;  margin: 0 10px 0 0; width: 18px;  height: 18px;  vertical-align: middle;  background: url(\"data:image\/svg+xml,%3Csvg xmlns='http:\/\/www.w3.org\/2000\/svg' width='22px' height='22px' viewBox='0 0 22 22' version='1.1'%3E%3Cg id='Page-1' stroke='none' stroke-width='1' fill='none' fill-rule='evenodd'%3E%3Cg id='Artboard' transform='translate(-472.000000, -546.000000)' fill-rule='nonzero'%3E%3Cg id='wpb-pricing-table-element' transform='translate(445.000000, 222.000000)'%3E%3Cg id='bullet' transform='translate(27.000000, 324.000000)'%3E%3Cpath d='M22,10.9999756 C22,17.0751668 17.0751778,22 11,22 C4.92487111,22 0,17.0751668 0,10.9999756 C0,4.92488206 4.92487111,0 11,0 C17.0751778,0 22,4.92488206 22,10.9999756 Z' id='Path' fill='%235188F1'\/%3E%3Cpolygon id='Path' fill='%23FFFFFF' transform='translate(11.011123, 9.631788) rotate(-45.000000) translate(-11.011123, -9.631788) ' points='8.39375516 6.63178844 8.39375516 10.0231025 16.2371538 10.0231255 16.2371538 12.6317884 5.78509217 12.6317133 5.78509217 6.63178844'\/%3E%3C\/g%3E%3C\/g%3E%3C\/g%3E%3C\/g%3E%3C\/svg%3E\") center no-repeat;  background-size: 18px; }<\/style><\/div><\/div><\/div><div class=\"wpb_column vc_column_container vc_col-sm-4\"><div class=\"vc_column-inner\"><div class=\"wpb_wrapper\"><section ><div id=\"vc-pricing-table-69e60c09a665c\" class=\"vc_general wpb-pricing-table vc_custom_1742762072334 vc_do_pricing_table\"><h3 class=\"wpb-plan-title\">Putni tro\u0161kovi<\/h2><p class=\"wpb-plan-description\"><\/p><div class=\"wpb-price-container\"><sup class=\"wpb-currency\"><\/sup><strong class=\"wpb-price\">0,43 \u20ac<\/strong><sub class=\"wpb-period\">+ PDV po kilometru<\/sub><\/div><\/div><\/section><style>#vc-pricing-table-69e60c09a665c .wpb-plan-features li::before {  content: \"\";  display: inline-block;  margin: 0 10px 0 0; width: 18px;  height: 18px;  vertical-align: middle;  background: url(\"data:image\/svg+xml,%3Csvg xmlns='http:\/\/www.w3.org\/2000\/svg' width='22px' height='22px' viewBox='0 0 22 22' version='1.1'%3E%3Cg id='Page-1' stroke='none' stroke-width='1' fill='none' fill-rule='evenodd'%3E%3Cg id='Artboard' transform='translate(-472.000000, -546.000000)' fill-rule='nonzero'%3E%3Cg id='wpb-pricing-table-element' transform='translate(445.000000, 222.000000)'%3E%3Cg id='bullet' transform='translate(27.000000, 324.000000)'%3E%3Cpath d='M22,10.9999756 C22,17.0751668 17.0751778,22 11,22 C4.92487111,22 0,17.0751668 0,10.9999756 C0,4.92488206 4.92487111,0 11,0 C17.0751778,0 22,4.92488206 22,10.9999756 Z' id='Path' fill='%235188F1'\/%3E%3Cpolygon id='Path' fill='%23FFFFFF' transform='translate(11.011123, 9.631788) rotate(-45.000000) translate(-11.011123, -9.631788) ' points='8.39375516 6.63178844 8.39375516 10.0231025 16.2371538 10.0231255 16.2371538 12.6317884 5.78509217 12.6317133 5.78509217 6.63178844'\/%3E%3C\/g%3E%3C\/g%3E%3C\/g%3E%3C\/g%3E%3C\/svg%3E\") center no-repeat;  background-size: 18px; }<\/style><\/div><\/div><\/div><div class=\"wpb_column vc_column_container vc_col-sm-4\"><div class=\"vc_column-inner\"><div class=\"wpb_wrapper\"><section ><div id=\"vc-pricing-table-69e60c09a67e8\" class=\"vc_general wpb-pricing-table vc_custom_1742762153105 vc_do_pricing_table\"><h3 class=\"wpb-plan-title\">Rad voza\u010da<\/h2><p class=\"wpb-plan-description\"><\/p><div class=\"wpb-price-container\"><sup class=\"wpb-currency\"><\/sup><strong class=\"wpb-price\">10 \u20ac<\/strong><sub class=\"wpb-period\">+ PDV po satu<\/sub><\/div><\/div><\/section><style>#vc-pricing-table-69e60c09a67e8 .wpb-plan-features li::before {  content: \"\";  display: inline-block;  margin: 0 10px 0 0; width: 18px;  height: 18px;  vertical-align: middle;  background: url(\"data:image\/svg+xml,%3Csvg xmlns='http:\/\/www.w3.org\/2000\/svg' width='22px' height='22px' viewBox='0 0 22 22' version='1.1'%3E%3Cg id='Page-1' stroke='none' stroke-width='1' fill='none' fill-rule='evenodd'%3E%3Cg id='Artboard' transform='translate(-472.000000, -546.000000)' fill-rule='nonzero'%3E%3Cg id='wpb-pricing-table-element' transform='translate(445.000000, 222.000000)'%3E%3Cg id='bullet' transform='translate(27.000000, 324.000000)'%3E%3Cpath d='M22,10.9999756 C22,17.0751668 17.0751778,22 11,22 C4.92487111,22 0,17.0751668 0,10.9999756 C0,4.92488206 4.92487111,0 11,0 C17.0751778,0 22,4.92488206 22,10.9999756 Z' id='Path' fill='%235188F1'\/%3E%3Cpolygon id='Path' fill='%23FFFFFF' transform='translate(11.011123, 9.631788) rotate(-45.000000) translate(-11.011123, -9.631788) ' points='8.39375516 6.63178844 8.39375516 10.0231025 16.2371538 10.0231255 16.2371538 12.6317884 5.78509217 12.6317133 5.78509217 6.63178844'\/%3E%3C\/g%3E%3C\/g%3E%3C\/g%3E%3C\/g%3E%3C\/svg%3E\") center no-repeat;  background-size: 18px; }<\/style><\/div><\/div><\/div><\/div><div class=\"vc_row wpb_row vc_inner vc_row-fluid vc_column-gap-20\"><div class=\"wpb_column vc_column_container vc_col-sm-12\"><div class=\"vc_column-inner\"><div class=\"wpb_wrapper\"><div class=\"vc_empty_space\"   style=\"height: 50px\"><span class=\"vc_empty_space_inner\"><\/span><\/div><div class=\"fl_custom_text__block text-justify fl-custom-text-69e60c09a6a78-1436\" ><p style=\"text-align: center;\">Dostupni smo za prijevoz razli\u010ditih vrsta tereta koji prevozimo prikolicama, a uz to vam nudimo i pomo\u0107 pri utovaru i istovaru.<br \/>\nBilo da trebate prijevoz<span>\u00a0<\/span><strong>namje\u0161taja, gra\u0111evinskog materijala, poljoprivredne opreme, ku\u0107anskih aparata ili drugih ve\u0107ih predmeta<\/strong>, jam\u010dimo sigurno i pravovremeno dostavljanje na \u017eeljenu lokaciju.<\/p>\n<\/div><div class=\"vc_empty_space\"   style=\"height: 50px\"><span class=\"vc_empty_space_inner\"><\/span><\/div><\/div><\/div><\/div><\/div><div class=\"vc_row wpb_row vc_inner vc_row-fluid contact-button vc_column-gap-20 vc_row-o-content-middle vc_row-flex\"><div class=\"wpb_column vc_column_container vc_col-sm-4\"><div class=\"vc_column-inner\"><div class=\"wpb_wrapper\"><\/div><\/div><\/div><div class=\"wpb_column vc_column_container vc_col-sm-4\"><div class=\"vc_column-inner\"><div class=\"wpb_wrapper\"><div class=\"fl-button-wrapper-vc\" ><div class=\"button-container\" ><a class=\"fl-vc-button fl-font-style-bolt-two\"  href=\"https:\/\/entero.si\/hr\/kontakt\/\" title=\"Kontakt\">Po\u0161aljite upit<i class=\"bestbus-icon-arrow\" aria-hidden=\"true\"><\/i><\/a><\/div><\/div><\/div><\/div><\/div><div class=\"wpb_column vc_column_container vc_col-sm-4\"><div class=\"vc_column-inner\"><div class=\"wpb_wrapper\"><\/div><\/div><\/div><\/div><\/div><\/div><\/div><\/div><\/div><div class=\"vc_row wpb_row vc_row-fluid\"><div class=\"fl-custom-row\" style=\"max-width:1100px; margin:0 auto; display:block\"><div class=\"wpb_column vc_column_container vc_col-sm-12\"><div class=\"vc_column-inner\"><div class=\"wpb_wrapper\"><div class=\"vc_empty_space\"   style=\"height: 100px\"><span class=\"vc_empty_space_inner\"><\/span><\/div><div class=\"fl-vc-custom-title-container text-center\" ><div class=\"custom-title-content-wrapper\"><div class=\"fl-title-vc fl-font-style-bolt fl-custom-title-69e60c09a71a3-799 fl-title-responsive-69e60c09a71a7-6064 fl-vc--responsive\"   data-responsive-target='fl-title-responsive-69e60c09a71a7-6064'  data-responsive-param='{\"font-size\":\"desktop:39px;tablet:39px;mobile:29px;\",\"line-height\":\"\",\"letter-spacing\":\"\",\"margin-top\":\"\",\"margin-bottom\":\"\"}' ><\/p>\n<h2>Za\u0161to odabrati Entero?<\/h2>\n<p><\/div><\/div><\/div><div class=\"vc_row wpb_row vc_inner vc_row-fluid\"><div class=\"wpb_column vc_column_container vc_col-sm-12\"><div class=\"vc_column-inner\"><div class=\"wpb_wrapper\"><div class=\"fl-icon-box cf\" ><div class=\"fl-icon-box-wrapper fl-icon-box-style-two\"><div class=\"icon-box-icon-wrapper\"><i class=\"fas fa-truck-loading\"><\/i><\/div><div class=\"icon-box-right-content\"><div class=\"icon-box-title fl-text-title-style\">Vlastite prikolice BW Trailers \u2013 robusne, certificirane, odr\u017eavane<\/div><\/div><\/div><\/div><div class=\"fl-icon-box cf\" ><div class=\"fl-icon-box-wrapper fl-icon-box-style-two\"><div class=\"icon-box-icon-wrapper\"><i class=\"fas fa-users\"><\/i><\/div><div class=\"icon-box-right-content\"><div class=\"icon-box-title fl-text-title-style\">Pouzdana ekipa i profesionalan pristup<\/div><\/div><\/div><\/div><div class=\"fl-icon-box cf\" ><div class=\"fl-icon-box-wrapper fl-icon-box-style-two\"><div class=\"icon-box-icon-wrapper\"><i class=\"fas fa-user-clock\"><\/i><\/div><div class=\"icon-box-right-content\"><div class=\"icon-box-title fl-text-title-style\">Fleksibilnost u pogledu termina i lokacije<\/div><\/div><\/div><\/div><div class=\"fl-icon-box cf\" ><div class=\"fl-icon-box-wrapper fl-icon-box-style-two\"><div class=\"icon-box-icon-wrapper\"><i class=\"fas fa-truck\"><\/i><\/div><div class=\"icon-box-right-content\"><div class=\"icon-box-title fl-text-title-style\">Dostava po cijeloj Sloveniji<\/div><\/div><\/div><\/div><div class=\"fl-icon-box cf\" ><div class=\"fl-icon-box-wrapper fl-icon-box-style-two\"><div class=\"icon-box-icon-wrapper\"><i class=\"fas fa-people-carry\"><\/i><\/div><div class=\"icon-box-right-content\"><div class=\"icon-box-title fl-text-title-style\">Mogu\u0107nost dodatne pomo\u0107i pri rukovanju teretom<\/div><\/div><\/div><\/div><div class=\"fl-icon-box cf\" ><div class=\"fl-icon-box-wrapper fl-icon-box-style-two\"><div class=\"icon-box-icon-wrapper\"><i class=\"fas fa-user-check\"><\/i><\/div><div class=\"icon-box-right-content\"><div class=\"icon-box-title fl-text-title-style\">Jasni uvjeti i po\u0161ten cjenik<\/div><\/div><\/div><\/div><\/div><\/div><\/div><\/div><div class=\"vc_empty_space\"   style=\"height: 50px\"><span class=\"vc_empty_space_inner\"><\/span><\/div><div class=\"vc_row wpb_row vc_inner vc_row-fluid\"><div class=\"wpb_column vc_column_container vc_col-sm-12\"><div class=\"vc_column-inner\"><div class=\"wpb_wrapper\"><div class=\"fl_custom_text__block fl-custom-text-69e60c09a769e-2405\" ><p style=\"text-align: left;\">Mo\u017eda vas zanima i: <a href=\"https:\/\/entero.si\/hr\/autos\/\">Vrste prikolica<\/a>, <a href=\"https:\/\/entero.si\/hr\/najem-prikolic\/\">Najam<\/a>, <a href=\"https:\/\/entero.si\/hr\/nakladne-rampe\/\">Rampe<\/a>, <a href=\"https:\/\/entero.si\/hr\/autos\/tripper-trailer-eco\/\">Tripper<\/a>, <a href=\"https:\/\/entero.si\/hr\/proizvod\/motorcycle-trailer-clone\/\">Domestic<\/a><\/p>\n<\/div><\/div><\/div><\/div><\/div><div class=\"vc_empty_space\"   style=\"height: 100px\"><span class=\"vc_empty_space_inner\"><\/span><\/div><\/div><\/div><\/div><\/div><\/div><\/section><div class=\"vc_row-full-width vc_clearfix\"><\/div>\n<\/div>","protected":false},"excerpt":{"rendered":"<p>Transport tovora s prikolico Pri Entero vam nudimo profesionalne transportne storitve, prilagojene va\u0161im potrebam. Na voljo smo za prevoz razli\u010dnih vrst tovora po vsej Sloveniji \u2013 z lastnimi prikolicami BW Trailers in izku\u0161eno ekipo. Poskrbimo tudi za nakladanje in razkladanje, \u010de je to potrebno. Po\u0161ljite povpra\u0161evanje Kdaj nas lahko najamete? Kupili ste novo\u00a0omaro, kav\u010d ali <\/p>","protected":false},"author":1,"featured_media":0,"parent":0,"menu_order":0,"comment_status":"closed","ping_status":"closed","template":"","meta":{"_monsterinsights_skip_tracking":false,"_monsterinsights_sitenote_active":false,"_monsterinsights_sitenote_note":"","_monsterinsights_sitenote_category":0,"footnotes":""},"class_list":["post-19723","page","type-page","status-publish","hentry"],"aioseo_notices":[],"_links":{"self":[{"href":"https:\/\/entero.si\/hr\/wp-json\/wp\/v2\/pages\/19723","targetHints":{"allow":["GET"]}}],"collection":[{"href":"https:\/\/entero.si\/hr\/wp-json\/wp\/v2\/pages"}],"about":[{"href":"https:\/\/entero.si\/hr\/wp-json\/wp\/v2\/types\/page"}],"author":[{"embeddable":true,"href":"https:\/\/entero.si\/hr\/wp-json\/wp\/v2\/users\/1"}],"replies":[{"embeddable":true,"href":"https:\/\/entero.si\/hr\/wp-json\/wp\/v2\/comments?post=19723"}],"version-history":[{"count":88,"href":"https:\/\/entero.si\/hr\/wp-json\/wp\/v2\/pages\/19723\/revisions"}],"predecessor-version":[{"id":20206,"href":"https:\/\/entero.si\/hr\/wp-json\/wp\/v2\/pages\/19723\/revisions\/20206"}],"wp:attachment":[{"href":"https:\/\/entero.si\/hr\/wp-json\/wp\/v2\/media?parent=19723"}],"curies":[{"name":"wp","href":"https:\/\/api.w.org\/{rel}","templated":true}]}}