{"id":19142,"date":"2020-11-28T21:45:58","date_gmt":"2020-11-28T21:45:58","guid":{"rendered":"https:\/\/bestbus.pro-theme.info\/?page_id=19142"},"modified":"2025-06-25T20:50:57","modified_gmt":"2025-06-25T20:50:57","slug":"o-nas","status":"publish","type":"page","link":"https:\/\/entero.si\/hr\/o-nas\/","title":{"rendered":"O nama"},"content":{"rendered":"<div class=\"wpb-content-wrapper\"><section data-vc-full-width=\"true\" data-vc-full-width-temp=\"true\" data-vc-full-width-init=\"false\" data-vc-stretch-content=\"true\" class=\"vc_section vc_custom_1634484178161 vc_section-has-fill\"><div data-vc-full-width=\"true\" data-vc-full-width-init=\"false\" data-vc-stretch-content=\"true\" class=\"vc_row wpb_row vc_row-fluid vc_custom_1742371168977 fl-helping-row-responsive-69e62fc0b2bc8-2891 vc_row-o-content-middle vc_row-flex\"><div class=\"fl-custom-row\" style=\"max-width:1620px; margin:0 auto; display:block\"><div class=\"wpb_column vc_column_container vc_col-sm-6 vc_col-lg-6 vc_col-md-6 vc_hidden-md vc_hidden-sm vc_col-xs-12 vc_hidden-xs\"><div class=\"vc_column-inner fl-helping-column-responsive-69e62fc0b335c-2257\"><div class=\"wpb_wrapper\"><div  class=\"img-001 wpb_single_image vc_align_left\">\n                <div class=\"wpb_wrapper vc_figure\">\n\t\t\t        <div class=\"vc_single_image-wrapper\"><img loading=\"lazy\" decoding=\"async\" width=\"1920\" height=\"1250\" src=\"https:\/\/entero.si\/wp-content\/uploads\/2025\/02\/BA-254131-75TG.jpg\" class=\"vc_single_image-img attachment-full\" alt=\"\" title=\"BA-254131-75TG\" srcset=\"https:\/\/entero.si\/wp-content\/uploads\/2025\/02\/BA-254131-75TG.jpg 1920w, https:\/\/entero.si\/wp-content\/uploads\/2025\/02\/BA-254131-75TG-600x391.jpg 600w, https:\/\/entero.si\/wp-content\/uploads\/2025\/02\/BA-254131-75TG-300x195.jpg 300w, https:\/\/entero.si\/wp-content\/uploads\/2025\/02\/BA-254131-75TG-1024x667.jpg 1024w, https:\/\/entero.si\/wp-content\/uploads\/2025\/02\/BA-254131-75TG-768x500.jpg 768w, https:\/\/entero.si\/wp-content\/uploads\/2025\/02\/BA-254131-75TG-1536x1000.jpg 1536w\" sizes=\"auto, (max-width: 1920px) 100vw, 1920px\" \/><\/div>\n\t\t        <\/div> \n\t\t   <\/div><\/div><\/div><\/div><div class=\"wpb_column vc_column_container vc_col-sm-6\"><div class=\"vc_column-inner\"><div class=\"wpb_wrapper\"><div class=\"vc_row wpb_row vc_inner vc_row-fluid\"><div class=\"wpb_column vc_column_container vc_col-sm-12\"><div class=\"vc_column-inner vc_custom_1619523687101\"><div class=\"wpb_wrapper\"><div class=\"fl-vc-custom-title-container text-left\" ><div class=\"custom-title-content-wrapper\"><div class=\"fl-subtitle-vc fl-custom-subtitle-69e62fc0b4526-3962\" >PRODAJA I NAJAM PRIKOLICA<\/div><div class=\"fl-title-vc fl-font-style-bolt fl-custom-title-69e62fc0b4518-3449 fl-title-responsive-69e62fc0b451c-9997 fl-vc--responsive\"   data-responsive-target='fl-title-responsive-69e62fc0b451c-9997'  data-responsive-param='{\"font-size\":\"desktop:39px;tablet:39px;mobile:29px;\",\"line-height\":\"\",\"letter-spacing\":\"\",\"margin-top\":\"\",\"margin-bottom\":\"\"}' ><\/p>\n<h1>O poduze\u0107u Entero<\/h1>\n<p><\/div><\/div><\/div><div class=\"fl_custom_text__block fl-custom-text-69e62fc0b4587-3775\" ><p><strong>Poduze\u0107e<\/strong> <strong>Entero<\/strong> Specijalizirano je za prodaju i najam prikolica, transportne usluge te odr\u017eavanje zaraslih povr\u0161ina (mal\u010diranje). Slu\u017ebeni smo zastupnik BW Trailers za Sloveniju, Hrvatsku, Bosnu i Hercegovinu te Srbiju. Na\u0161i klijenti cijene na\u0161u kvalitetu, pouzdanost i prilagodljivost.<\/p>\n<\/div><\/div><\/div><\/div><\/div><\/div><\/div><\/div><\/div><\/div><div class=\"vc_row-full-width vc_clearfix\"><\/div><\/section><div class=\"vc_row-full-width vc_clearfix\"><\/div><div class=\"vc_row wpb_row vc_row-fluid\"><div class=\"fl-custom-row\" style=\"max-width:1620px; margin:0 auto; display:block\"><div class=\"wpb_column vc_column_container vc_col-sm-12\"><div class=\"vc_column-inner\"><div class=\"wpb_wrapper\">\n<div class=\"vc_grid-container-wrapper vc_clearfix vc_grid-animation-fadeIn\">\n\t<div class=\"vc_grid-container vc_clearfix wpb_content_element vc_media_grid\" data-initial-loading-animation=\"fadeIn\" data-vc-grid-settings=\"{&quot;page_id&quot;:19142,&quot;style&quot;:&quot;all&quot;,&quot;action&quot;:&quot;vc_get_vc_grid_data&quot;,&quot;shortcode_id&quot;:&quot;1750884634598-afdd09af-06d2-9&quot;,&quot;tag&quot;:&quot;vc_media_grid&quot;}\" data-vc-request=\"https:\/\/entero.si\/wp-admin\/admin-ajax.php\" data-vc-post-id=\"19142\" data-vc-public-nonce=\"baf0c76167\">\n\t\t\n\t<\/div>\n<\/div><div class=\"fl-vc-custom-title-container text-left\" ><div class=\"custom-title-content-wrapper\"><div class=\"fl-title-vc fl-font-style-bolt fl-custom-title-69e62fc0b5a50-3390 fl-title-responsive-69e62fc0b5a55-5047 fl-vc--responsive\"   data-responsive-target='fl-title-responsive-69e62fc0b5a55-5047'  data-responsive-param='{\"font-size\":\"desktop:39px;tablet:39px;mobile:29px;\",\"line-height\":\"\",\"letter-spacing\":\"\",\"margin-top\":\"\",\"margin-bottom\":\"\"}' ><\/p>\n<h2>Na\u0161e usluge i prednosti<\/h2>\n<p><\/div><\/div><\/div><\/div><\/div><\/div><\/div><\/div><div class=\"vc_row wpb_row vc_row-fluid\"><div class=\"wpb_column vc_column_container vc_col-sm-6\"><div class=\"vc_column-inner\"><div class=\"wpb_wrapper\"><div class=\"fl-icon-box cf fl-custom-icon-69e62fc0b5cbc4059\" ><div class=\"fl-icon-box-wrapper fl-icon-box-style-one\"><div class=\"icon-box-icon-wrapper\"><i class=\"fas fa-truck-loading\"><\/i><\/div><div class=\"icon-box-right-content\"><div class=\"icon-box-text-content\">Prodaja i najam visokokvalitetnih prikolica BW Trailers<\/div><\/div><\/div><\/div><div class=\"fl-icon-box cf fl-custom-icon-69e62fc0b5d27244\" ><div class=\"fl-icon-box-wrapper fl-icon-box-style-one\"><div class=\"icon-box-icon-wrapper\"><i class=\"fas fa-tractor\"><\/i><\/div><div class=\"icon-box-right-content\"><div class=\"icon-box-text-content\">Profesionalno mal\u010diranje i ko\u0161nja zaraslih povr\u0161ina<\/div><\/div><\/div><\/div><div class=\"fl-icon-box cf fl-custom-icon-69e62fc0b5d858265\" ><div class=\"fl-icon-box-wrapper fl-icon-box-style-one\"><div class=\"icon-box-icon-wrapper\"><i class=\"fas fa-comment-dots\"><\/i><\/div><div class=\"icon-box-right-content\"><div class=\"icon-box-text-content\">Stru\u010dno savjetovanje prije kupnje ili najma<\/div><\/div><\/div><\/div><div class=\"fl-icon-box cf fl-custom-icon-69e62fc0b5dde5184\" ><div class=\"fl-icon-box-wrapper fl-icon-box-style-one\"><div class=\"icon-box-icon-wrapper\"><i class=\"fas fa-user\"><\/i><\/div><div class=\"icon-box-right-content\"><div class=\"icon-box-text-content\">Osobni pristup svakoj mu\u0161teriji \u2013 pojedincima i tvrtkama<\/div><\/div><\/div><\/div><\/div><\/div><\/div><div class=\"wpb_column vc_column_container vc_col-sm-6\"><div class=\"vc_column-inner\"><div class=\"wpb_wrapper\"><div class=\"fl-icon-box cf fl-custom-icon-69e62fc0b5f026342\" ><div class=\"fl-icon-box-wrapper fl-icon-box-style-one\"><div class=\"icon-box-icon-wrapper\"><i class=\"fas fa-warehouse\"><\/i><\/div><div class=\"icon-box-right-content\"><div class=\"icon-box-text-content\">Mogu\u0107nost isprobavanja prikolice u na\u0161em showroomu u Mariboru<\/div><\/div><\/div><\/div><div class=\"fl-icon-box cf fl-custom-icon-69e62fc0b5f63412\" ><div class=\"fl-icon-box-wrapper fl-icon-box-style-one\"><div class=\"icon-box-icon-wrapper\"><i class=\"fas fa-rocket\"><\/i><\/div><div class=\"icon-box-right-content\"><div class=\"icon-box-text-content\">Brza i sigurna transportna usluga po Sloveniji<\/div><\/div><\/div><\/div><div class=\"fl-icon-box cf fl-custom-icon-69e62fc0b5fc3635\" ><div class=\"fl-icon-box-wrapper fl-icon-box-style-one\"><div class=\"icon-box-icon-wrapper\"><i class=\"fas fa-handshake\"><\/i><\/div><div class=\"icon-box-right-content\"><div class=\"icon-box-text-content\">Fleksibilnost u rokovima i mogu\u0107nostima suradnje<\/div><\/div><\/div><\/div><\/div><\/div><\/div><\/div><div class=\"vc_row wpb_row vc_row-fluid\"><div class=\"fl-custom-row\" style=\"max-width:1620px; margin:0 auto; display:block\"><div class=\"wpb_column vc_column_container vc_col-sm-12\"><div class=\"vc_column-inner\"><div class=\"wpb_wrapper\"><div class=\"vc_empty_space\"   style=\"height: 50px\"><span class=\"vc_empty_space_inner\"><\/span><\/div><div class=\"fl-vc-custom-title-container text-left\" ><div class=\"custom-title-content-wrapper\"><div class=\"fl-title-vc fl-font-style-bolt fl-custom-title-69e62fc0b63d9-7026 fl-title-responsive-69e62fc0b63dd-135 fl-vc--responsive\"   data-responsive-target='fl-title-responsive-69e62fc0b63dd-135'  data-responsive-param='{\"font-size\":\"desktop:39px;tablet:39px;mobile:29px;\",\"line-height\":\"\",\"letter-spacing\":\"\",\"margin-top\":\"\",\"margin-bottom\":\"\"}' ><\/p>\n<h2>Slu\u017ebeni predstavnik BW Trailers<\/h2>\n<p><\/div><\/div><\/div><div class=\"fl_custom_text__block fl-custom-text-69e62fc0b6446-6169\" ><p>Kao ekskluzivni partner priznate europske marke BW Trailers, osiguravamo vam:<\/p>\n<ul>\n<li>Vrhunska izrada i certificirana kvaliteta<\/li>\n<li>Prikolice za motocikle, ATV-je, gradili\u0161ta i poljoprivredu<\/li>\n<li>Prilagodbe po mjeri i dodatnu opremu<\/li>\n<li>Poprodajnu podr\u0161ku i pomo\u0107 pri registraciji<\/li>\n<\/ul>\n<\/div><div class=\"vc_empty_space\"   style=\"height: 50px\"><span class=\"vc_empty_space_inner\"><\/span><\/div><div class=\"fl-vc-custom-title-container text-left\" ><div class=\"custom-title-content-wrapper\"><div class=\"fl-title-vc fl-font-style-bolt fl-custom-title-69e62fc0b656f-4478 fl-title-responsive-69e62fc0b6571-8122 fl-vc--responsive\"   data-responsive-target='fl-title-responsive-69e62fc0b6571-8122'  data-responsive-param='{\"font-size\":\"desktop:39px;tablet:39px;mobile:29px;\",\"line-height\":\"\",\"letter-spacing\":\"\",\"margin-top\":\"\",\"margin-bottom\":\"\"}' ><\/p>\n<h2>Kome poma\u017eemo?<\/h2>\n<p><\/div><\/div><\/div><div class=\"fl_custom_text__block fl-custom-text-69e62fc0b65c6-442\" ><p>Sura\u0111ujemo s razli\u010ditim klijentima, kao \u0161to su:<\/p>\n<ul>\n<li>Pojedinci koji trebaju prikolicu za hobi ili povremeni prijevoz<\/li>\n<li>Tvrtke i obrtnici koji tra\u017ee pouzdanu radnu prikolicu<\/li>\n<li>Gra\u0111evinske tvrtke, vrtlari i serviseri<\/li>\n<li>Op\u0107ine i lokalne zajednice u odr\u017eavanju povr\u0161ina<\/li>\n<\/ul>\n<\/div><div class=\"vc_empty_space\"   style=\"height: 50px\"><span class=\"vc_empty_space_inner\"><\/span><\/div><div class=\"fl_custom_text__block fl-custom-text-69e62fc0b66a1-8463\" ><p>Mo\u017eda vas zanima i: <a title=\"Vrste prikolica\" href=\"https:\/\/entero.si\/hr\/autos\/\">Vrste prikolica<\/a>, <a title=\"Quad trailer\" href=\"https:\/\/entero.si\/hr\/autos\/quad-trailer\/\">Quad<\/a>, <a title=\"Motorcycle trailer\" href=\"https:\/\/entero.si\/hr\/autos\/motorcycle-trailer\/\">Moto<\/a>, <a title=\"Domestic trailer Standard\" href=\"https:\/\/entero.si\/hr\/autos\/domestic-trailer-standard\/\">Domestic<\/a>, <a title=\"Tripper trailer Eco\" href=\"https:\/\/entero.si\/hr\/autos\/tripper-trailer-eco\/\">Tripper<\/a><\/p>\n<\/div><div class=\"vc_empty_space\"   style=\"height: 50px\"><span class=\"vc_empty_space_inner\"><\/span><\/div><\/div><\/div><\/div><\/div><\/div><div data-vc-full-width=\"true\" data-vc-full-width-init=\"false\" data-vc-stretch-content=\"true\" class=\"vc_row wpb_row vc_row-fluid vc_custom_1750281087955 vc_row-has-fill\"><div class=\"fl-custom-row\" style=\"max-width:1620px; margin:0 auto; display:block\"><div class=\"wpb_column vc_column_container vc_col-sm-4\"><div class=\"vc_column-inner\"><div class=\"wpb_wrapper\"><div class=\"fl-vc-custom-title-container text-left\" ><div class=\"custom-title-content-wrapper\"><div class=\"fl-title-vc fl-font-style-bolt fl-custom-title-69e62fc0b69b0-8957 fl-title-responsive-69e62fc0b69b3-2450 fl-vc--responsive\"   data-responsive-target='fl-title-responsive-69e62fc0b69b3-2450'  data-responsive-param='{\"font-size\":\"desktop:39px;tablet:39px;mobile:29px;\",\"line-height\":\"\",\"letter-spacing\":\"\",\"margin-top\":\"\",\"margin-bottom\":\"\"}' ><\/p>\n<h2>Pogledajte nas u\u017eivo<\/h2>\n<p><\/div><\/div><\/div><div class=\"fl_custom_text__block fl-custom-text-69e62fc0b6a0e-1046\" ><p>Pozvani ste u na\u0161 showroom u Mariboru, gdje mo\u017eete pogledati sve vrste prikolica, konzultirati se s na\u0161im savjetnicima i dobiti ponudu po mjeri.<\/p>\n<\/div><div class=\"vc_empty_space\"   style=\"height: 50px\"><span class=\"vc_empty_space_inner\"><\/span><\/div><div class=\"fl-button-wrapper-vc\" ><div class=\"button-container\" ><a class=\"fl-vc-button fl-font-style-bolt-two\"  href=\"https:\/\/entero.si\/hr\/kontakt\/\" title=\"Kontakt\">Rezervirajte svoj termin<i class=\"bestbus-icon-arrow\" aria-hidden=\"true\"><\/i><\/a><\/div><\/div><\/div><\/div><\/div><div class=\"wpb_column vc_column_container vc_col-sm-8\"><div class=\"vc_column-inner\"><div class=\"wpb_wrapper\"><div  class=\"wpb_single_image vc_align_left\">\n                <div class=\"wpb_wrapper vc_figure\">\n\t\t\t        <div class=\"vc_single_image-wrapper\"><img loading=\"lazy\" decoding=\"async\" width=\"1920\" height=\"1152\" src=\"https:\/\/entero.si\/wp-content\/uploads\/2025\/03\/DOMOV-SLIKA.png\" class=\"vc_single_image-img attachment-full\" alt=\"\" title=\"DOMOV - SLIKA\" srcset=\"https:\/\/entero.si\/wp-content\/uploads\/2025\/03\/DOMOV-SLIKA.png 1920w, https:\/\/entero.si\/wp-content\/uploads\/2025\/03\/DOMOV-SLIKA-600x360.png 600w, https:\/\/entero.si\/wp-content\/uploads\/2025\/03\/DOMOV-SLIKA-300x180.png 300w, https:\/\/entero.si\/wp-content\/uploads\/2025\/03\/DOMOV-SLIKA-1024x614.png 1024w, https:\/\/entero.si\/wp-content\/uploads\/2025\/03\/DOMOV-SLIKA-768x461.png 768w, https:\/\/entero.si\/wp-content\/uploads\/2025\/03\/DOMOV-SLIKA-1536x922.png 1536w\" sizes=\"auto, (max-width: 1920px) 100vw, 1920px\" \/><\/div>\n\t\t        <\/div> \n\t\t   <\/div><\/div><\/div><\/div><\/div><\/div><div class=\"vc_row-full-width vc_clearfix\"><\/div><section data-vc-full-width=\"true\" data-vc-full-width-temp=\"true\" data-vc-full-width-init=\"false\" class=\"vc_section vc_custom_1619526952979 vc_section-has-fill\"><div class=\"vc_row wpb_row vc_row-fluid testimonials-row col-padding-reset vc_custom_1739701737121 fl-line-top-right\"><div class=\"wpb_column vc_column_container vc_col-sm-12\"><div class=\"vc_column-inner\"><div class=\"wpb_wrapper\"><div  class=\"vc_custom_1741988099619  wpb_single_image vc_align_center\">\n                <div class=\"wpb_wrapper vc_figure\">\n\t\t\t        <div class=\"vc_single_image-wrapper\"><img decoding=\"async\" class=\"vc_single_image-img\" src=\"https:\/\/entero.si\/wp-content\/uploads\/2025\/02\/bwtrailers_cover-300x73.jpeg\" width=\"300\" height=\"73\" alt=\"bwtrailers_cover\" title=\"bwtrailers_cover\" loading=\"lazy\" \/><\/div>\n\t\t        <\/div> \n\t\t   <\/div><\/div><\/div><\/div><\/div><\/section><div class=\"vc_row-full-width vc_clearfix\"><\/div>\n<\/div>","protected":false},"excerpt":{"rendered":"<p>PRODAJA IN NAJEM PRIKOLIC O podjetju Entero Podjetje Entero je specializirano za prodajo in najem prikolic, transportne storitve ter vzdr\u017eevanje zara\u0161\u010denih povr\u0161in (mul\u010denje). Smo uradni zastopnik BW Trailers za Slovenijo, Hrva\u0161ko, Bosno in Hercegovino ter Srbijo. Na\u0161e stranke cenijo na\u0161o kakovost, zanesljivost in prilagodljivost. Na\u0161e storitve in prednosti Prodaja in najem visoko kakovostnih prikolic BW <\/p>","protected":false},"author":1,"featured_media":0,"parent":0,"menu_order":0,"comment_status":"closed","ping_status":"closed","template":"","meta":{"_monsterinsights_skip_tracking":false,"_monsterinsights_sitenote_active":false,"_monsterinsights_sitenote_note":"","_monsterinsights_sitenote_category":0,"footnotes":""},"class_list":["post-19142","page","type-page","status-publish","hentry"],"aioseo_notices":[],"_links":{"self":[{"href":"https:\/\/entero.si\/hr\/wp-json\/wp\/v2\/pages\/19142","targetHints":{"allow":["GET"]}}],"collection":[{"href":"https:\/\/entero.si\/hr\/wp-json\/wp\/v2\/pages"}],"about":[{"href":"https:\/\/entero.si\/hr\/wp-json\/wp\/v2\/types\/page"}],"author":[{"embeddable":true,"href":"https:\/\/entero.si\/hr\/wp-json\/wp\/v2\/users\/1"}],"replies":[{"embeddable":true,"href":"https:\/\/entero.si\/hr\/wp-json\/wp\/v2\/comments?post=19142"}],"version-history":[{"count":80,"href":"https:\/\/entero.si\/hr\/wp-json\/wp\/v2\/pages\/19142\/revisions"}],"predecessor-version":[{"id":20255,"href":"https:\/\/entero.si\/hr\/wp-json\/wp\/v2\/pages\/19142\/revisions\/20255"}],"wp:attachment":[{"href":"https:\/\/entero.si\/hr\/wp-json\/wp\/v2\/media?parent=19142"}],"curies":[{"name":"wp","href":"https:\/\/api.w.org\/{rel}","templated":true}]}}