{"id":18927,"date":"2020-09-21T09:26:27","date_gmt":"2020-09-21T09:26:27","guid":{"rendered":"https:\/\/bestbus.pro-theme.info\/?page_id=18927"},"modified":"2025-05-13T20:20:49","modified_gmt":"2025-05-13T20:20:49","slug":"kontakt","status":"publish","type":"page","link":"https:\/\/entero.si\/hr\/kontakt\/","title":{"rendered":"Kontakt"},"content":{"rendered":"<div class=\"wpb-content-wrapper\"><section class=\"vc_section vc_custom_1600682357379\"><div class=\"vc_row wpb_row vc_row-fluid\"><div class=\"wpb_column vc_column_container vc_col-sm-12 vc_col-lg-3 vc_col-md-6 vc_col-xs-12\"><div class=\"vc_column-inner\"><div class=\"wpb_wrapper\"><div class=\"fl-contact-info-wrapper-vc fl-animated-item-velocity\"  data-animate-type=\"slideUpIn\" data-item-delay=\"1540\"><div class=\"fl-contact-icon\"><i class=\"fas fa-phone\"><\/i><\/div><span class=\"fl-bg-dots\"><\/span><span class=\"contact_title_one\">Nazovite nas<\/span><span class=\"contact_text_one\">+386 70 882 313<\/span><\/div><\/div><\/div><\/div><div class=\"wpb_column vc_column_container vc_col-sm-12 vc_col-lg-3 vc_col-md-6 vc_col-xs-12\"><div class=\"vc_column-inner\"><div class=\"wpb_wrapper\"><div class=\"fl-contact-info-wrapper-vc fl-helping-responsive-69e60c096ca3a-4696 fl-animated-item-velocity\"  data-animate-type=\"slideUpIn\" data-item-delay=\"1710\"><div class=\"fl-contact-icon\"><i class=\"fas fa-clock\"><\/i><\/div><span class=\"fl-bg-dots\"><\/span><span class=\"contact_title_one\">Radno vrijeme<\/span><span class=\"contact_text_one\">Pon - Sob 07.00 - 15.00<\/span><\/div><\/div><\/div><\/div><div class=\"wpb_column vc_column_container vc_col-sm-12 vc_col-lg-3 vc_col-md-6 vc_col-xs-12\"><div class=\"vc_column-inner\"><div class=\"wpb_wrapper\"><div class=\"fl-contact-info-wrapper-vc fl-helping-responsive-69e60c096cb4f-1726 fl-animated-item-velocity\"  data-animate-type=\"slideUpIn\" data-item-delay=\"1860\"><div class=\"fl-contact-icon\"><i class=\"fas fa-envelope\"><\/i><\/div><span class=\"fl-bg-dots\"><\/span><span class=\"contact_title_one\">Pi\u0161ite nam<\/span><span class=\"contact_text_one\">info@entero.si<\/span><\/div><\/div><\/div><\/div><div class=\"wpb_column vc_column_container vc_col-sm-12 vc_col-lg-3 vc_col-md-6 vc_col-xs-12\"><div class=\"vc_column-inner\"><div class=\"wpb_wrapper\"><div class=\"fl-contact-info-wrapper-vc fl-helping-responsive-69e60c096cc5c-4643 fl-animated-item-velocity\"  data-animate-type=\"slideUpIn\" data-item-delay=\"2110\"><div class=\"fl-contact-icon\"><i class=\"fas fa-map-marker-alt\"><\/i><\/div><span class=\"fl-bg-dots\"><\/span><span class=\"contact_title_one\">Adresa<\/span><span class=\"contact_text_one\">Slivni\u0161ka cesta 32<br \/>\n2312 Orehova vas<\/span><\/div><\/div><\/div><\/div><\/div><\/section><section data-vc-full-width=\"true\" data-vc-full-width-temp=\"true\" data-vc-full-width-init=\"false\" data-vc-stretch-content=\"true\" class=\"vc_section vc_custom_1606673186757\"><div class=\"vc_row wpb_row vc_row-fluid vc_custom_1739703267316 vc_row-has-fill vc_row-o-equal-height vc_row-o-content-middle vc_row-flex\"><div class=\"wpb_column vc_column_container vc_col-sm-6 vc_hidden-xs\"><div class=\"vc_column-inner  vc_custom_1739703173336\"><div class=\"wpb_wrapper\"><div class=\"wpb_gmaps_widget wpb_content_element\"><div class=\"wpb_wrapper\"><div class=\"wpb_map_wraper\"><iframe src=\"https:\/\/www.google.com\/maps\/embed?pb=!1m18!1m12!1m3!1d2748.054812376453!2d15.665930876649753!3d46.46742226594556!2m3!1f0!2f0!3f0!3m2!1i1024!2i768!4f13.1!3m3!1m2!1s0x476f7bdd2a31dcc5%3A0xaff8a36fc4a14d70!2sNova%20ulica%2011a%2C%202312%20Orehova%20vas!5e0!3m2!1sen!2ssi!4v1739703040285!5m2!1sen!2ssi\" width=\"600\" height=\"450\" style=\"border:0;\" allowfullscreen=\"\" loading=\"lazy\" referrerpolicy=\"no-referrer-when-downgrade\"><\/iframe><\/div><\/div><\/div><\/div><\/div><\/div><div class=\"wpb_column vc_column_container vc_col-sm-6 vc_col-has-fill\"><div class=\"bg-position-right-bottom vc_column-inner fl-helping-column-responsive-69e60c096d256-1636 vc_custom_1739718158309\"><div class=\"wpb_wrapper\"><div class=\"fl-vc-custom-title-container vc_custom_1742762730269 text-left\" ><div class=\"custom-title-content-wrapper\"><div class=\"fl-title-vc fl-font-style-bolt fl-custom-title-69e60c096d352-4158 fl-title-responsive-69e60c096d356-5794 fl-vc--responsive\"   data-responsive-target='fl-title-responsive-69e60c096d356-5794'  data-responsive-param='{\"font-size\":\"desktop:39px;tablet:39px;mobile:29px;\",\"line-height\":\"\",\"letter-spacing\":\"\",\"margin-top\":\"\",\"margin-bottom\":\"\"}' >Po\u0161aljite upit<\/div><\/div><\/div><div class=\"fl_custom_text__block vc_custom_1739702443506 fl-custom-text-69e60c096d3da-3550\" ><p><span>Ispunite obrazac i zatra\u017eite neobvezuju\u0107u ponudu. Odgovorit \u0107emo vam u najkra\u0107em mogu\u0107em roku!<\/span><\/p>\n<\/div>\n<div class=\"wpcf7 no-js\" id=\"wpcf7-f13-o1\" lang=\"en-US\" dir=\"ltr\" data-wpcf7-id=\"13\">\n<div class=\"screen-reader-response\"><p role=\"status\" aria-live=\"polite\" aria-atomic=\"true\"><\/p> <ul><\/ul><\/div>\n<form action=\"\/hr\/wp-json\/wp\/v2\/pages\/18927#wpcf7-f13-o1\" method=\"post\" class=\"wpcf7-form init\" aria-label=\"Contact form\" novalidate=\"novalidate\" data-status=\"init\" data-trp-original-action=\"\/hr\/wp-json\/wp\/v2\/pages\/18927#wpcf7-f13-o1\">\n<fieldset class=\"hidden-fields-container\"><input type=\"hidden\" name=\"_wpcf7\" value=\"13\" \/><input type=\"hidden\" name=\"_wpcf7_version\" value=\"6.1.5\" \/><input type=\"hidden\" name=\"_wpcf7_locale\" value=\"en_US\" \/><input type=\"hidden\" name=\"_wpcf7_unit_tag\" value=\"wpcf7-f13-o1\" \/><input type=\"hidden\" name=\"_wpcf7_container_post\" value=\"0\" \/><input type=\"hidden\" name=\"_wpcf7_posted_data_hash\" value=\"\" \/>\n<\/fieldset>\n<p><span class=\"wpcf7-form-control-wrap\" data-name=\"your-name\"><input size=\"40\" maxlength=\"400\" class=\"wpcf7-form-control wpcf7-text wpcf7-validates-as-required\" aria-required=\"true\" aria-invalid=\"false\" placeholder=\"Ime i prezime\" value=\"\" type=\"text\" name=\"your-name\" \/><\/span><br \/>\n<span class=\"wpcf7-form-control-wrap\" data-name=\"your-email\"><input size=\"40\" maxlength=\"400\" class=\"wpcf7-form-control wpcf7-email wpcf7-validates-as-required wpcf7-text wpcf7-validates-as-email\" aria-required=\"true\" aria-invalid=\"false\" placeholder=\"E-mail adresa\" value=\"\" type=\"email\" name=\"your-email\" \/><\/span><br \/>\n<span class=\"wpcf7-form-control-wrap\" data-name=\"menu-102\"><select class=\"wpcf7-form-control wpcf7-select\" aria-invalid=\"false\" name=\"menu-102\"><option value=\"Nakup\">Kupiti<\/option><option value=\"Najem\">Najam<\/option><option value=\"Transport\">Prijevoz<\/option><option value=\"Drugo\">Ostalo<\/option><\/select><\/span><br \/>\n<span class=\"wpcf7-form-control-wrap\" data-name=\"your-name\"><input size=\"40\" maxlength=\"400\" class=\"wpcf7-form-control wpcf7-text\" aria-invalid=\"false\" placeholder=\"Naziv tvrtke\" value=\"\" type=\"text\" name=\"your-name\" \/><\/span><br \/>\n<span class=\"wpcf7-form-control-wrap\" data-name=\"your-message\"><textarea cols=\"40\" rows=\"10\" maxlength=\"2000\" class=\"wpcf7-form-control wpcf7-textarea\" aria-invalid=\"false\" placeholder=\"Poruka\" name=\"your-message\"><\/textarea><\/span><br \/>\n<input class=\"wpcf7-form-control wpcf7-submit has-spinner\" type=\"submit\" value=\"Poslati\" \/>\n<\/p><div class=\"wpcf7-response-output\" aria-hidden=\"true\"><\/div>\n<input type=\"hidden\" name=\"trp-form-language\" value=\"hr\"\/><\/form>\n<\/div>\n<\/div><\/div><\/div><\/div><\/section><div class=\"vc_row-full-width vc_clearfix\"><\/div>\n<\/div>","protected":false},"excerpt":{"rendered":"<p>Pokli\u010dite nas+386 70 882 313Odpiralni \u010dasPon &#8211; Sob 07.00 &#8211; 15.00Pi\u0161ite naminfo@entero.siNaslovSlivni\u0161ka cesta 32 2312 Orehova vasOddajte povpra\u0161evanjeIzpolnite obrazec in pridobite neobvezujo\u010do ponudbo. Odgovorimo vam v najkraj\u0161em mo\u017enem \u010dasu! NakupNajemTransportDrugo<\/p>","protected":false},"author":1,"featured_media":0,"parent":0,"menu_order":0,"comment_status":"closed","ping_status":"closed","template":"","meta":{"_monsterinsights_skip_tracking":false,"_monsterinsights_sitenote_active":false,"_monsterinsights_sitenote_note":"","_monsterinsights_sitenote_category":0,"footnotes":""},"class_list":["post-18927","page","type-page","status-publish","hentry"],"aioseo_notices":[],"_links":{"self":[{"href":"https:\/\/entero.si\/hr\/wp-json\/wp\/v2\/pages\/18927","targetHints":{"allow":["GET"]}}],"collection":[{"href":"https:\/\/entero.si\/hr\/wp-json\/wp\/v2\/pages"}],"about":[{"href":"https:\/\/entero.si\/hr\/wp-json\/wp\/v2\/types\/page"}],"author":[{"embeddable":true,"href":"https:\/\/entero.si\/hr\/wp-json\/wp\/v2\/users\/1"}],"replies":[{"embeddable":true,"href":"https:\/\/entero.si\/hr\/wp-json\/wp\/v2\/comments?post=18927"}],"version-history":[{"count":26,"href":"https:\/\/entero.si\/hr\/wp-json\/wp\/v2\/pages\/18927\/revisions"}],"predecessor-version":[{"id":20028,"href":"https:\/\/entero.si\/hr\/wp-json\/wp\/v2\/pages\/18927\/revisions\/20028"}],"wp:attachment":[{"href":"https:\/\/entero.si\/hr\/wp-json\/wp\/v2\/media?parent=18927"}],"curies":[{"name":"wp","href":"https:\/\/api.w.org\/{rel}","templated":true}]}}